{"id":19,"date":"2016-01-04T08:23:57","date_gmt":"2016-01-04T08:23:57","guid":{"rendered":"http:\/\/localhost:8888\/20160104-venuex\/?page_id=19"},"modified":"2021-05-13T14:33:25","modified_gmt":"2021-05-13T12:33:25","slug":"les-parrains","status":"publish","type":"page","link":"https:\/\/www.printempsdesfragilites.com\/index.php\/les-parrains\/","title":{"rendered":"Marraine &#038; parrains, invit\u00e9s d&#8217;honneur"},"content":{"rendered":"\n<h2 class=\"wp-block-heading\"><strong>Cinq figures empreintes d\u2019Humanit\u00e9 vous donnent rendez-vous, le 3 juillet 2021, sur le podium du &#8220;Village des Fragilit\u00e9s&#8221; <\/strong><\/h2>\n\n\n\n<p class=\"has-medium-font-size\"><strong>Touch\u00e9s par la dynamique qui se cr\u00e9e \u00e0 travers le \u00ab\u00a0Collectif Fragilit\u00e9s Partage\u00a0\u00bb, Fr\u00e9d\u00e9rique Bedos, Philippe Pozzo di Borgo, Xavier Emmanuelli, Dominique A et Pascal Brice sont les invit\u00e9.es d\u2019honneur du Printemps des Fragilit\u00e9s 2021. <\/strong>Retrouvez-les le 3 juillet 2021, au Village des Fragilit\u00e9s (qui se tiendra sur l\u2019Esplanade des traceurs de Coque, sur l&#8217;Ile de Nantes) pour un moment de partage avec les associations et le grand public. Rencontre et t\u00e9moignage.  <\/p>\n\n\n\n<h2 class=\"wp-block-heading\"><strong>Fr\u00e9d\u00e9rique Bedos<\/strong><\/h2>\n\n\n\n<p class=\"has-drop-cap\">Elle a grandi dans le Nord de la France, dans une famille d\u2019adoption aux c\u00f4t\u00e9s d\u2019une vingtaine d\u2019enfants \u00ab inadoptables \u00bb venus du monde entier. De quoi inspirer toute une vie\u00a0! Productrice, r\u00e9alisatrice, journaliste TV\/radio (Paris, New-York, Londres), Fr\u00e9d\u00e9rique Bedos a choisi de mettre son expertise au service d\u2019un monde plus juste et durable.\u00a0\u00a0Ainsi, en 2010, elle cr\u00e9e \u00ab\u00a0Le Projet Imagine\u00a0\u00bb, une ONG d\u2019information &#8211; reconnue par les Nations Unies en 2017 &#8211; dont le but est d\u2019inspirer pour agir. L\u2019association s\u2019attache \u00e0 mettre en lumi\u00e8re ces femmes et ces hommes qui vont \u00e0 la conqu\u00eate de territoires inconnus, et nous font prendre conscience que tout est possible : les fameux \u00ab H\u00e9ros Imagine \u00bb. Une exp\u00e9rience des plus riches que Fr\u00e9d\u00e9rique raconte dans son livre-t\u00e9moignage <em>La petite fille \u00e0 la balan\u00e7oire<\/em> paru aux \u00e9ditions Les Ar\u00e8nes, et en Poche, aux \u00e9ditions J\u2019ai Lu. Impliqu\u00e9e sur les questions d\u2019inclusion (droits des femmes, sant\u00e9 mentale et handicap), son action est reconnue en France comme \u00e0 l\u2019\u00e9tranger : chevalier de l\u2019Ordre national du m\u00e9rite, Fr\u00e9d\u00e9rique a re\u00e7u le titre de Docteur honoris causa de l\u2019Universit\u00e9 Catholique de Lille, le Troph\u00e9e de l\u2019Inspiration d\u00e9cern\u00e9 par l\u2019association Pour les Femmes Dans les M\u00e9dias (PFDM), ainsi que le prix \u00ab\u00a0Women who make a difference\u00a0\u00bb de l\u2019International Women Forum (IWF). En 2020, elle est finaliste du \u00ab Prix Alice Guy \u00bb r\u00e9compensant la meilleure r\u00e9alisatrice fran\u00e7aise de l\u2019ann\u00e9e. Le 3 juillet 2021, c\u2019est sur le Village des Fragilit\u00e9s que Fr\u00e9d\u00e9rique viendra partager sa formidable \u00e9nergie.<\/p>\n\n\n\n<h2 class=\"wp-block-heading\"><strong>Philippe Pozzo di Borgo <\/strong><\/h2>\n\n\n\n<p class=\"has-drop-cap has-normal-font-size\">Alors qu\u2019il dirige la maison de vin de&nbsp;<a href=\"https:\/\/fr.wikipedia.org\/wiki\/Champagne_Pommery\">Champagne Pommery<\/a>, le 23 juin 1993, Philippe Pozzo di Borgo se blesse dans un grave accident de parapente au&nbsp;<a href=\"https:\/\/fr.wikipedia.org\/wiki\/Col_des_Saisies\">Col des Saisies<\/a>&nbsp;et perd toute mobilit\u00e9. Trois ans plus tard, sa femme d\u00e9c\u00e8de. Plong\u00e9 en profonde d\u00e9pression, c\u2019est son&nbsp;<a href=\"https:\/\/fr.wikipedia.org\/wiki\/Auxiliaire_de_vie\">auxiliaire de vie<\/a>, \u00ab&nbsp;un repris de justice au comportement parfois fantaisiste&nbsp;\u00bb, Abdel Yasmin Sellou, qui va l\u2019aider \u00e0 reprendre go\u00fbt \u00e0 la vie. Dans son livre&nbsp;<em>Le Second Souffle<\/em>, publi\u00e9 en 2001, Philippe Pozzo du Borgo raconte&nbsp;: \u00ab&nbsp;Nous \u00e9tions deux desperados qui cherchions un moyen de nous en sortir&nbsp;: le riche t\u00e9tra, fou de douleur d\u2019avoir perdu son \u00e9pouse, et le jeune ca\u00efd qui sort de taule et veut tout faire sauter. Deux gars en marge de la soci\u00e9t\u00e9 qui s\u2019appuient l\u2019un sur l\u2019autre&nbsp;\u00bb. De son accompagnateur, il \u00e9crit&nbsp;:&nbsp;\u00ab&nbsp;Abdel m&#8217;a soign\u00e9 sans discontinuit\u00e9 comme si j&#8217;\u00e9tais un nourrisson. Attentif au moindre signe, pr\u00e9sent pendant mes absences, il m&#8217;a d\u00e9livr\u00e9 quand j&#8217;\u00e9tais prisonnier, prot\u00e9g\u00e9 quand j&#8217;\u00e9tais faible.&nbsp;\u00bb Mireille Dumas produit en 2003 un documentaire sur leur histoire, intitul\u00e9&nbsp;<a href=\"https:\/\/fr.wikipedia.org\/wiki\/%C3%80_la_vie,_%C3%A0_la_mort_(documentaire)\"><em>\u00c0 la vie, \u00e0 la mort<\/em><\/a>. Ce reportage inspire le film&nbsp;<a href=\"https:\/\/fr.wikipedia.org\/wiki\/Intouchables_(film)\"><em>Intouchables<\/em><\/a>&nbsp;sorti en&nbsp;<a href=\"https:\/\/fr.wikipedia.org\/wiki\/2011_au_cin%C3%A9ma\">2011<\/a>, avec <a href=\"https:\/\/fr.wikipedia.org\/wiki\/Fran%C3%A7ois_Cluzet\">Fran\u00e7ois Cluzet<\/a>&nbsp;et Omar Sy. Philippe Pozzo di Borgo s\u2019int\u00e9resse aujourd\u2019hui, notamment aux dispositifs biom\u00e9dicaux \u00e0 l&#8217;\u00e9chelle nanom\u00e9trique que l\u2019on pourrait implanter dans le cerveau afin d&#8217;assister les personnes handicap\u00e9es. R\u00e9sidant dans la r\u00e9gion d&#8217;<a href=\"https:\/\/fr.wikipedia.org\/wiki\/Essaouira\">Essaouira<\/a>, au&nbsp;<a href=\"https:\/\/fr.wikipedia.org\/wiki\/Maroc\">Maroc<\/a>, il s&#8217;est remari\u00e9 et a eu deux autres enfants. En 2015, il a publi\u00e9 un nouveau livre,&nbsp;<em>Toi et moi, j&#8217;y crois<\/em>&nbsp;(\u00e9ditions Bayard), o\u00f9 il revisite ses diff\u00e9rents \u00ab&nbsp;Moi&nbsp;\u00bb forg\u00e9s au fil des \u00e9v\u00e9nements de sa vie. Fort des liens qui l\u2019unissent \u00e0 l\u2019association Simon de Cyr\u00e8ne, notamment, il a tenu \u00e0 \u00eatre Parrain d\u2019honneur du Printemps des fragilit\u00e9s.&nbsp; <\/p>\n\n\n\n<h2 class=\"wp-block-heading\"><strong>Xavier\nEmmanuelli <\/strong><\/h2>\n\n\n\n<p class=\"has-drop-cap\">N\u00e9 au sein d\u2019une famille de \u00ab&nbsp;Justes&nbsp;\u00bb, passionn\u00e9 de philosophie et de dessins, Xavier Emmanuelli devient m\u00e9decin en 1967. Il commence par faire des remplacements de pr\u00e9f\u00e9rence en campagne ou dans des lieux tr\u00e8s isol\u00e9s. \u00ab De l\u00e0 est n\u00e9 en moi ce d\u00e9sir de r\u00e9pondre \u00e0 l\u2019urgence.&nbsp;\u00bb Fort d\u2019un double dipl\u00f4me en l\u00e9prologie et en m\u00e9decine maritime, \u00e0 la fin des ann\u00e9es 60, tandis que les conflits et la famine s\u00e9vissent dans la r\u00e9gion du Biafra, avec ses compagnons de l\u2019\u00e9poque &#8211; Kouchner, R\u00e9camier, Hernandez, Berrat \u2013 ils s\u2019auto-proclament <em>\u00ab&nbsp;French Doctors&nbsp;\u00bb<\/em> et cr\u00e9ent M\u00e9decins sans fronti\u00e8res (MSF).&nbsp;De retour en France, ayant \u00e9t\u00e9 confront\u00e9 au SIDA en Afrique, Xavier Emmanuelli d\u00e9cide d\u2019intervenir dans la prison de Fleury-M\u00e9rogis. En parall\u00e8le, il soigne aussi les clochards dans la rue, \u00e0 Nanterre notamment. En 1993, il cr\u00e9e le Samu Social pour la Ville de Paris. Nomm\u00e9 Secr\u00e9taire d\u2019Etat \u00e0 l\u2019aide humanitaire d\u2019urgence sous la pr\u00e9sidence de Jacques Chirac, il cr\u00e9e le N\u00b0115 qui donnera naissance quelques ann\u00e9es plus tard au Samu-Social International que l\u2019on retrouve aujourd\u2019hui de Moscou au Caire, du P\u00e9rou au Mali\u2026 prochainement en \u00c9thiopie. Derni\u00e8rement, il a fond\u00e9 l\u2019association Les Transmetteurs,&nbsp;un enseignement pour transmettre les valeurs universelles autour du soin&nbsp;et qui donnera naissance \u00e0 une nouvelle profession&nbsp;: les aidants aupr\u00e8s des malades \u00e0 fragilit\u00e9s multiples (les personnes \u00e2g\u00e9es, en perte d\u2019autonomie, atteintes de maladies psychiatriques ou en situation de d\u00e9tresse, notamment). Profond\u00e9ment la\u00efque dans toutes les actions et dans tous les combats qu\u2019il m\u00e8ne, ayant d\u00e9j\u00e0 particip\u00e9 au pr\u00e9c\u00e9dent colloque Fragilit\u00e9s \u2013 Partage, Xavier Emmanuelli nous fera l\u2019honneur de sa pr\u00e9sence au Printemps des Fragilit\u00e9s 2021. &nbsp;<\/p>\n\n\n\n<h2 class=\"wp-block-heading\"><strong>Dominique A<\/strong><\/h2>\n\n\n\n<p class=\"has-drop-cap\">Au d\u00e9part de son dernier album, <em>La fragilit\u00e9<\/em>, il y a une guitare acoustique aux cordes de nylon fatigu\u00e9es qui reposait depuis plusieurs ann\u00e9es dans le coin d&#8217;une pi\u00e8ce de la maison de Dominique A. Une sonorit\u00e9 un peu brute. Presque rudimentaire. \u00ab&nbsp;Une douceur qui ne verse pas pour autant dans la joliesse, une rondeur qui rechigne, une simplicit\u00e9 qui rapproche.&nbsp;\u00bb Ainsi va na\u00eetre, en 2018, <em>La fragilit\u00e9<\/em>, disque d\u2019automne, juste apr\u00e8s <em>Toute latitude<\/em>, disque d&#8217;hiver. Deux albums qui oscillent entre intimisme et grandes \u00e9chapp\u00e9es sonores, solitude et aventures collectives, simplicit\u00e9 et recherches orchestrales. Si <em>Toute latitude<\/em> est un disque de groupe, comme \u00ab&nbsp;une course serr\u00e9e de meute&nbsp;\u00bb, <em>La fragilit\u00e9<\/em> est l&#8217;occasion de respirer, avec ses textures vaporeuses, ses brises l\u00e9g\u00e8res, ses lumi\u00e8res &nbsp;tamis\u00e9es, ses teintes claires. Dominique A s&#8217;y retrouve seul, comme on souffle apr\u00e8s une longue course, et prend son temps. D&#8217;autres relations existent entre les deux disques, dans les th\u00e8mes explor\u00e9s par les chansons, telles l&#8217;enfance, la ruralit\u00e9 (\u00ab&nbsp;D\u00e9sert d&#8217;hiver&nbsp;\u00bb alors, \u00ab&nbsp;Le grand silence des campagnes&nbsp;\u00bb \u00e0 pr\u00e9sent), ou encore la guerre (l\u00e0 \u00ab&nbsp;La clairi\u00e8re&nbsp;\u00bb, ici \u00ab&nbsp;Le ruban&nbsp;\u00bb). <em>La fragilit\u00e9<\/em> semble le pendant lumineux de <em>Toute latitude<\/em>&nbsp;: on y entend, si l&#8217;on pr\u00eate l&#8217;oreille, un apaisement, une certaine c\u00e9l\u00e9bration de la beaut\u00e9 des choses et du monde, une contemplation heureuse de paysages (\u00ab&nbsp;Le temps qui passe sans moi&nbsp;\u00bb), dont certains remontent \u00e0 l&#8217;enfance (ceux de Loire-Atlantique, dans \u00ab&nbsp;Comme au jour premier&nbsp;\u00bb, ou ceux que l&#8217;on d\u00e9couvre lors de voyages, m\u00e9dus\u00e9, comme \u00e0 Majorque&nbsp;: \u00ab&nbsp;La splendeur&nbsp;\u00bb). Dominique A nous fait l\u2019honneur de sa pr\u00e9sence au Printemps des Fragilit\u00e9s, le 3 juillet  2021, au Village des Fragilit\u00e9s.  <\/p>\n\n\n\n<h2 class=\"wp-block-heading\"><strong>Pascal Brice<\/strong><\/h2>\n\n\n\n<p class=\"has-drop-cap\">Ayant grandi \u00e0 Nantes, pr\u00e9sident de la F\u00e9d\u00e9ration des acteurs de la solidarit\u00e9 (FAS) depuis septembre 2020, Pascal Brice nous fait l\u2019honneur de parrainer le \u00ab&nbsp;Printemps des Fragilit\u00e9s&nbsp;\u00bb. Il faut dire qu\u2019en mati\u00e8re de \u00ab&nbsp;fragilit\u00e9s&nbsp;\u00bb, ce haut fonctionnaire qui a dirig\u00e9 l&#8217;OFPRA pour les demandeurs d&#8217;asile pendant pr\u00e8s de 6 ans est aux premi\u00e8res loges. Psychologue, son p\u00e8re \u00ab&nbsp;travaillait avec des \u00e9ducateurs de rue&nbsp;\u00bb. Sa m\u00e8re qui exer\u00e7ait la m\u00eame profession s&#8217;occupait notamment \u00ab&nbsp;de femmes victimes de violences \u00bb. De fait, Pascal Brice porte un regard bienveillant et attentif sur cette \u00ab&nbsp;formidable initiative lanc\u00e9e, \u00e0 Nantes, par le Collectif Fragilit\u00e9s \u2013 Partage&nbsp;\u00bb. Lui, qui est si reconnaissant aux personnes qui oeuvrent, quotidiennement, \u00e0 une soci\u00e9t\u00e9 plus solidaire, et qui sait combien \u00ab&nbsp;la t\u00e2che est monumentale&nbsp;\u00bb d\u00e8s lors que l\u2019on parle des fragilit\u00e9s : h\u00e9bergement d&#8217;urgence, mouvements migratoires,&nbsp; personnes et familles en situation d&#8217;extr\u00eame pauvret\u00e9, dont les \u00e9tudiants, personnes en situation de handicap qu&#8217;il soit physique, intellectuel ou social&#8230;&nbsp;Par sa pr\u00e9sence aux Printemps des Fragilit\u00e9s, Pascal Brice vient t\u00e9moigner avec force. \u00ab&nbsp;Il y a quelque chose que l\u2019on n\u2019arrive toujours pas \u00e0 casser dans notre beau pays des Droits de l\u2019Homme qu\u2019est la France&nbsp;: le d\u00e9terminisme social est un fl\u00e9au&nbsp;! L\u2019enfant qui na\u00eet pauvre deviendra un adulte pauvre. O\u00f9 sont nos principes d\u2019\u00e9galit\u00e9 et de fraternit\u00e9&nbsp;? Le concept de dignit\u00e9 est remis en cause. La question de la fatalit\u00e9 doit-\u00eatre interrog\u00e9e de mani\u00e8re honn\u00eate. Nous devons d\u00e9finir une nouvelle trajectoire&nbsp;: ils nous faut interroger le sens et les valeurs de l\u2019Humanit\u00e9\u2026 celle qui s\u2019\u00e9crit avec un grand H&nbsp;\u00bb. La raison de son combat \u00e0 la t\u00eate de la FAS.&nbsp;&nbsp;&nbsp;&nbsp;&nbsp;<\/p>\n","protected":false},"excerpt":{"rendered":"<p>Cinq figures empreintes d\u2019Humanit\u00e9 vous donnent rendez-vous, le 3 juillet 2021, sur le podium du &#8220;Village des Fragilit\u00e9s&#8221; Touch\u00e9s par la dynamique qui se cr\u00e9e \u00e0 travers le \u00ab\u00a0Collectif Fragilit\u00e9s Partage\u00a0\u00bb, Fr\u00e9d\u00e9rique Bedos, Philippe Pozzo di Borgo, Xavier Emmanuelli, Dominique A et Pascal Brice sont les invit\u00e9.es d\u2019honneur du Printemps des Fragilit\u00e9s 2021. Retrouvez-les le [&hellip;]<\/p>\n","protected":false},"author":2,"featured_media":1102,"parent":0,"menu_order":0,"comment_status":"closed","ping_status":"closed","template":"","meta":{"footnotes":""},"class_list":["post-19","page","type-page","status-publish","has-post-thumbnail","hentry"],"_links":{"self":[{"href":"https:\/\/www.printempsdesfragilites.com\/index.php\/wp-json\/wp\/v2\/pages\/19","targetHints":{"allow":["GET"]}}],"collection":[{"href":"https:\/\/www.printempsdesfragilites.com\/index.php\/wp-json\/wp\/v2\/pages"}],"about":[{"href":"https:\/\/www.printempsdesfragilites.com\/index.php\/wp-json\/wp\/v2\/types\/page"}],"author":[{"embeddable":true,"href":"https:\/\/www.printempsdesfragilites.com\/index.php\/wp-json\/wp\/v2\/users\/2"}],"replies":[{"embeddable":true,"href":"https:\/\/www.printempsdesfragilites.com\/index.php\/wp-json\/wp\/v2\/comments?post=19"}],"version-history":[{"count":17,"href":"https:\/\/www.printempsdesfragilites.com\/index.php\/wp-json\/wp\/v2\/pages\/19\/revisions"}],"predecessor-version":[{"id":2010,"href":"https:\/\/www.printempsdesfragilites.com\/index.php\/wp-json\/wp\/v2\/pages\/19\/revisions\/2010"}],"wp:featuredmedia":[{"embeddable":true,"href":"https:\/\/www.printempsdesfragilites.com\/index.php\/wp-json\/wp\/v2\/media\/1102"}],"wp:attachment":[{"href":"https:\/\/www.printempsdesfragilites.com\/index.php\/wp-json\/wp\/v2\/media?parent=19"}],"curies":[{"name":"wp","href":"https:\/\/api.w.org\/{rel}","templated":true}]}}