{"id":195,"date":"2016-01-25T10:44:32","date_gmt":"2016-01-25T10:44:32","guid":{"rendered":"http:\/\/themecanon.com\/venuex\/?page_id=195"},"modified":"2024-07-29T16:20:48","modified_gmt":"2024-07-29T14:20:48","slug":"contact","status":"publish","type":"page","link":"https:\/\/www.printempsdesfragilites.com\/index.php\/contact\/","title":{"rendered":"Contact"},"content":{"rendered":"<p><span style=\"font-size: inherit;\">Pour contacter le Comit\u00e9 de pilotage ou la Commission communication du Printemps des Fragilit\u00e9s ou le Collectif Fragilit\u00e9s en Partage, \u00e9crivez-nous :<\/span><\/p>\n<p><span style=\"font-size: inherit;\">\n<div class=\"wpcf7 no-js\" id=\"wpcf7-f297-o1\" lang=\"en-US\" dir=\"ltr\">\n<div class=\"screen-reader-response\"><p role=\"status\" aria-live=\"polite\" aria-atomic=\"true\"><\/p> <ul><\/ul><\/div>\n<form action=\"\/index.php\/wp-json\/wp\/v2\/pages\/195#wpcf7-f297-o1\" method=\"post\" class=\"wpcf7-form init\" aria-label=\"Contact form\" novalidate=\"novalidate\" data-status=\"init\">\n<div style=\"display: none;\">\n<input type=\"hidden\" name=\"_wpcf7\" value=\"297\" \/>\n<input type=\"hidden\" name=\"_wpcf7_version\" value=\"5.7.7\" \/>\n<input type=\"hidden\" name=\"_wpcf7_locale\" value=\"en_US\" \/>\n<input type=\"hidden\" name=\"_wpcf7_unit_tag\" value=\"wpcf7-f297-o1\" \/>\n<input type=\"hidden\" name=\"_wpcf7_container_post\" value=\"0\" \/>\n<input type=\"hidden\" name=\"_wpcf7_posted_data_hash\" value=\"\" \/>\n<\/div>\n<p><label>Votre nom<\/label><br \/>\n<span class=\"wpcf7-form-control-wrap\" data-name=\"text-586\"><input size=\"40\" class=\"wpcf7-form-control wpcf7-text wpcf7-validates-as-required\" aria-required=\"true\" aria-invalid=\"false\" placeholder=\"Votre nom\" value=\"\" type=\"text\" name=\"text-586\" \/><\/span>\n<\/p>\n<p><label>Votre email<\/label><br \/>\n<span class=\"wpcf7-form-control-wrap\" data-name=\"email-345\"><input size=\"40\" class=\"wpcf7-form-control wpcf7-text wpcf7-email wpcf7-validates-as-required wpcf7-validates-as-email\" aria-required=\"true\" aria-invalid=\"false\" placeholder=\"Votre email\" value=\"\" type=\"email\" name=\"email-345\" \/><\/span>\n<\/p>\n<p><label>Objet de votre message ?<\/label><br \/>\n<span class=\"wpcf7-form-control-wrap\" data-name=\"Whatareyoucontactingus\"><select class=\"wpcf7-form-control wpcf7-select\" aria-invalid=\"false\" name=\"Whatareyoucontactingus\"><option value=\"Vous souhaitez d&#039;avantage d&#039;information ?\">Vous souhaitez d&#039;avantage d&#039;information ?<\/option><option value=\"Vous voulez parlez de l&#039;\u00e9v\u00e8nement ?\">Vous voulez parlez de l&#039;\u00e9v\u00e8nement ?<\/option><option value=\"Vous souhaitez devenir partenaire de l&#039;\u00e9v\u00e8nement ?\">Vous souhaitez devenir partenaire de l&#039;\u00e9v\u00e8nement ?<\/option><option value=\"Autre ?\">Autre ?<\/option><\/select><\/span>\n<\/p>\n<p><label>Votre message<\/label><br \/>\n<span class=\"wpcf7-form-control-wrap\" data-name=\"textarea-312\"><textarea cols=\"40\" rows=\"10\" class=\"wpcf7-form-control wpcf7-textarea\" aria-invalid=\"false\" placeholder=\"Votre message en quelques mots\" name=\"textarea-312\"><\/textarea><\/span>\n<\/p>\n<p><input class=\"wpcf7-form-control has-spinner wpcf7-submit\" type=\"submit\" value=\"Envoyer\" \/>\n<\/p><div class=\"wpcf7-response-output\" aria-hidden=\"true\"><\/div>\n<\/form>\n<\/div>\n<\/span><\/p>\n","protected":false},"excerpt":{"rendered":"<p>Pour contacter le Comit\u00e9 de pilotage ou la Commission communication du Printemps des Fragilit\u00e9s ou le Collectif Fragilit\u00e9s en Partage, \u00e9crivez-nous :<\/p>\n","protected":false},"author":2,"featured_media":0,"parent":0,"menu_order":0,"comment_status":"closed","ping_status":"closed","template":"page.php","meta":{"footnotes":""},"class_list":["post-195","page","type-page","status-publish","hentry"],"_links":{"self":[{"href":"https:\/\/www.printempsdesfragilites.com\/index.php\/wp-json\/wp\/v2\/pages\/195","targetHints":{"allow":["GET"]}}],"collection":[{"href":"https:\/\/www.printempsdesfragilites.com\/index.php\/wp-json\/wp\/v2\/pages"}],"about":[{"href":"https:\/\/www.printempsdesfragilites.com\/index.php\/wp-json\/wp\/v2\/types\/page"}],"author":[{"embeddable":true,"href":"https:\/\/www.printempsdesfragilites.com\/index.php\/wp-json\/wp\/v2\/users\/2"}],"replies":[{"embeddable":true,"href":"https:\/\/www.printempsdesfragilites.com\/index.php\/wp-json\/wp\/v2\/comments?post=195"}],"version-history":[{"count":5,"href":"https:\/\/www.printempsdesfragilites.com\/index.php\/wp-json\/wp\/v2\/pages\/195\/revisions"}],"predecessor-version":[{"id":4304,"href":"https:\/\/www.printempsdesfragilites.com\/index.php\/wp-json\/wp\/v2\/pages\/195\/revisions\/4304"}],"wp:attachment":[{"href":"https:\/\/www.printempsdesfragilites.com\/index.php\/wp-json\/wp\/v2\/media?parent=195"}],"curies":[{"name":"wp","href":"https:\/\/api.w.org\/{rel}","templated":true}]}}