{"id":2577,"date":"2021-06-26T09:31:50","date_gmt":"2021-06-26T07:31:50","guid":{"rendered":"http:\/\/www.printempsdesfragilites.com\/?page_id=2577"},"modified":"2021-06-26T09:46:58","modified_gmt":"2021-06-26T07:46:58","slug":"les-evenements-du-3-juillet-au-village-des-fragilites","status":"publish","type":"page","link":"https:\/\/www.printempsdesfragilites.com\/index.php\/les-evenements-du-3-juillet-au-village-des-fragilites\/","title":{"rendered":"Les \u00e9v\u00e8nements du 3 juillet"},"content":{"rendered":"\n<figure class=\"wp-block-image size-large is-resized\"><img loading=\"lazy\" decoding=\"async\" src=\"http:\/\/www.printempsdesfragilites.com\/wp-content\/uploads\/2021\/06\/Capture-de\u0301cran-2021-06-06-a\u0300-19.22.39.png\" alt=\"\" class=\"wp-image-2432\" width=\"537\" height=\"417\" srcset=\"https:\/\/www.printempsdesfragilites.com\/wp-content\/uploads\/2021\/06\/Capture-de\u0301cran-2021-06-06-a\u0300-19.22.39.png 664w, https:\/\/www.printempsdesfragilites.com\/wp-content\/uploads\/2021\/06\/Capture-de\u0301cran-2021-06-06-a\u0300-19.22.39-300x233.png 300w\" sizes=\"auto, (max-width: 537px) 100vw, 537px\" \/><\/figure>\n\n\n\n<figure class=\"wp-block-table is-style-stripes\"><table><tbody><tr><td>11h00<\/td><td>Chorale Au clair de la Rue (une chorale qui chante faux mais dont le ton est juste)<\/td><\/tr><tr><td>11h30<\/td><td>Ouverture de la journ\u00e9e avec les parrains et marraine pr\u00e9sents : Dominique A, Pascal Brice et Fr\u00e9d\u00e9rique Bedos<\/td><\/tr><tr><td>11h55<\/td><td>T\u00e9moignage de Pascal Brice<\/td><\/tr><tr><td>12h15<\/td><td>Flashmob avec notamment l&#8217;ARCHE et la Maison Lazare<\/td><\/tr><tr><td>12h30<\/td><td>Groupe musical Ichtus<\/td><\/tr><tr><td>13h00<\/td><td>Groupe de musique de rue : AEDES Nouvelle G\u00e9n\u00e9ration<\/td><\/tr><tr><td>13h40<\/td><td>C\u0153ur de Br\u00e9t\u00e9ch\u00e9 (chorale de soignants)<\/td><\/tr><tr><td>14h20<\/td><td>&#8220;Voyage en Hollande&#8221; par des parents de personnes handicap\u00e9es<\/td><\/tr><tr><td>14h40<\/td><td>Fr\u00e8re Jacques et ses musiciens de la rue<\/td><\/tr><tr><td>14h50<\/td><td>T\u00e9moignage en duplex de Philippe Pozzo di Borgo<\/td><\/tr><tr><td>15h10<\/td><td>Cercle Karr\u00e9 : compagnie de th\u00e9\u00e2tre de l&#8217;Adapei Loire-Atlantique<\/td><\/tr><tr><td>15h50<\/td><td>T\u00e9moignage de Fr\u00e9d\u00e9rique Bedos<\/td><\/tr><tr><td>16h25<\/td><td>Chorale Au clair de la Rue<\/td><\/tr><tr><td>17h00<\/td><td>T\u00e9moignage th\u00e9\u00e2tral de l&#8217;ARCHE<\/td><\/tr><tr><td>17h15<\/td><td>T\u00e9moignage de Xavier Emmanuelli<\/td><\/tr><tr><td>17h35<\/td><td>Danse animation avec l&#8217;ASFEAI de Boussay<\/td><\/tr><tr><td>18h00<\/td><td>Remise des prix du jeu-concours par Dominique A<\/td><\/tr><tr><td>18h35<\/td><td>T\u00e9moignage et \u00e9change avec Dominique A<\/td><\/tr><tr><td>19h05<\/td><td>Groupe de musique de rue : AEDES Nouvelle G\u00e9n\u00e9ration<\/td><\/tr><tr><td>19h35<\/td><td>Fest&#8217;Frat : chorale de jeunes issus de l\u2019immigration<\/td><\/tr><tr><td>20h20<\/td><td>Groupe musical Ichtus<\/td><\/tr><tr><td>21h05<\/td><td>K&#8217;Bossy : groupe de musique malgache<\/td><\/tr><tr><td>21h35<\/td><td>Final du festival<\/td><\/tr><\/tbody><\/table><\/figure>\n","protected":false},"excerpt":{"rendered":"<p>11h00 Chorale Au clair de la Rue (une chorale qui chante faux mais dont le ton est juste) 11h30 Ouverture de la journ\u00e9e avec les parrains et marraine pr\u00e9sents : Dominique A, Pascal Brice et Fr\u00e9d\u00e9rique Bedos 11h55 T\u00e9moignage de Pascal Brice 12h15 Flashmob avec notamment l&#8217;ARCHE et la Maison Lazare 12h30 Groupe musical Ichtus [&hellip;]<\/p>\n","protected":false},"author":4,"featured_media":0,"parent":0,"menu_order":0,"comment_status":"closed","ping_status":"closed","template":"","meta":{"footnotes":""},"class_list":["post-2577","page","type-page","status-publish","hentry"],"_links":{"self":[{"href":"https:\/\/www.printempsdesfragilites.com\/index.php\/wp-json\/wp\/v2\/pages\/2577","targetHints":{"allow":["GET"]}}],"collection":[{"href":"https:\/\/www.printempsdesfragilites.com\/index.php\/wp-json\/wp\/v2\/pages"}],"about":[{"href":"https:\/\/www.printempsdesfragilites.com\/index.php\/wp-json\/wp\/v2\/types\/page"}],"author":[{"embeddable":true,"href":"https:\/\/www.printempsdesfragilites.com\/index.php\/wp-json\/wp\/v2\/users\/4"}],"replies":[{"embeddable":true,"href":"https:\/\/www.printempsdesfragilites.com\/index.php\/wp-json\/wp\/v2\/comments?post=2577"}],"version-history":[{"count":3,"href":"https:\/\/www.printempsdesfragilites.com\/index.php\/wp-json\/wp\/v2\/pages\/2577\/revisions"}],"predecessor-version":[{"id":2580,"href":"https:\/\/www.printempsdesfragilites.com\/index.php\/wp-json\/wp\/v2\/pages\/2577\/revisions\/2580"}],"wp:attachment":[{"href":"https:\/\/www.printempsdesfragilites.com\/index.php\/wp-json\/wp\/v2\/media?parent=2577"}],"curies":[{"name":"wp","href":"https:\/\/api.w.org\/{rel}","templated":true}]}}