{"id":2760,"date":"2022-06-18T18:43:40","date_gmt":"2022-06-18T16:43:40","guid":{"rendered":"http:\/\/www.printempsdesfragilites.com\/?page_id=2760"},"modified":"2024-10-06T17:37:56","modified_gmt":"2024-10-06T15:37:56","slug":"les-evenements-du-10-juin","status":"publish","type":"page","link":"https:\/\/www.printempsdesfragilites.com\/index.php\/les-evenements-du-10-juin\/","title":{"rendered":"Bienvenue sur le Village des fragilit\u00e9s !"},"content":{"rendered":"\n<p>Vous pouvez consulter les \u00e9v\u00e8nements du Village des fragilit\u00e9s 2023 ci-dessous ou bien en feuilletant <a href=\"http:\/\/www.printempsdesfragilites.com\/wp-content\/uploads\/2023\/04\/Brochure_Printemps_Fragilites_2023.pdf\" data-type=\"link\" data-id=\"http:\/\/www.printempsdesfragilites.com\/wp-content\/uploads\/2023\/04\/Brochure_Printemps_Fragilites_2023.pdf\"><mark style=\"background-color:rgba(0, 0, 0, 0)\" class=\"has-inline-color has-vivid-cyan-blue-color\">la brochure du festival<\/mark><\/a>.<\/p>\n\n\n\n<div class=\"wp-block-media-text alignwide is-stacked-on-mobile\"><figure class=\"wp-block-media-text__media\"><img loading=\"lazy\" decoding=\"async\" width=\"417\" height=\"584\" src=\"http:\/\/www.printempsdesfragilites.com\/wp-content\/uploads\/2023\/04\/Bienvenue_au_village_Parc_des_Chantiers.png\" alt=\"\" class=\"wp-image-3857 size-full\" srcset=\"https:\/\/www.printempsdesfragilites.com\/wp-content\/uploads\/2023\/04\/Bienvenue_au_village_Parc_des_Chantiers.png 417w, https:\/\/www.printempsdesfragilites.com\/wp-content\/uploads\/2023\/04\/Bienvenue_au_village_Parc_des_Chantiers-214x300.png 214w\" sizes=\"auto, (max-width: 417px) 100vw, 417px\" \/><\/figure><div class=\"wp-block-media-text__content\">\n<p><strong>Place \u00e0 la f\u00eate ! Ouvert au public, gratuit, le &#8220;Village des Fragilit\u00e9s&#8221; se transforme en agora, le matin, pour r\u00e9fl\u00e9chir ensemble sur &#8220;l\u2019accueil des fragilit\u00e9s et la qu\u00eate de sens dans le monde du travail&#8221;. L\u2019apr\u00e8s-midi, place est faite \u00e0 l\u2019expression des artistes et de nombreux t\u00e9moins. Sur la grande sc\u00e8ne se succ\u00e8dent des spectacles de danse, de musique, de th\u00e9\u00e2tre\u2026 Dans le Village, se multiplient les occasions de rencontre sur les stands des associations, avec la r\u00e9alisation d&#8217;une grande fresque artistiques, mais aussi des pratiques sportives adapt\u00e9es. En fin d&#8217;apr\u00e8s-midi, pr\u00e8s de 150 enfants donneront un spectacle sur les fragilit\u00e9s, avant que la chorale XXL d&#8217;Urban Voices invite tout le Village des Fragilit\u00e9s&#8230; \u00e0 chanter !<\/strong><\/p>\n<\/div><\/div>\n\n\n\n<h3 class=\"wp-block-heading\"><mark style=\"background-color:#744098\" class=\"has-inline-color has-white-color\"> Temps 1, de 10h \u00e0 12h : &#8220;la t\u00eate, le coeur, les tripes&#8221;  <\/mark><\/h3>\n\n\n\n<p><strong><mark style=\"background-color:rgba(0, 0, 0, 0)\" class=\"has-inline-color has-vivid-purple-color\">Forum &amp; agora : \u00ab L\u2019accueil des fragilit\u00e9s dans le monde du travail, en qu\u00eate de sens ? \u00bb<\/mark><\/strong><\/p>\n\n\n\n<p>Apr\u00e8s une table-ronde de 20 minutes pour briser les tabous et lancer les r\u00e9flexions autour de &#8220;l&#8217;accueil des fragilit\u00e9s dans le monde du travail, en qu\u00eate de sens&#8221;, <strong><a rel=\"noreferrer noopener\" href=\"https:\/\/docs.google.com\/forms\/d\/e\/1FAIpQLSccHQFSc0dgVxtzXGBYgqms-4gn9ntLop1T-9-Y3zc2Op4A_A\/viewform?usp=sf_link\" target=\"_blank\"><mark style=\"background-color:rgba(0, 0, 0, 0)\" class=\"has-inline-color has-vivid-cyan-blue-color\">inscrivez-vous<\/mark><\/a><\/strong> pour participer \u00e0 <a href=\"http:\/\/www.printempsdesfragilites.com\/index.php\/presentation-des-tables-rondes\/\"><strong><mark style=\"background-color:rgba(0, 0, 0, 0)\" class=\"has-inline-color has-vivid-cyan-blue-color\">nos huit tables rondes<\/mark><\/strong><\/a> sur les th\u00e8mes d\u00e9velopp\u00e9s ci-dessous. Ce d\u00e9bat introductif sera illustr\u00e9 par une sc\u00e9nette th\u00e9\u00e2trale donn\u00e9e par des personnes travaillant en ESAT. Avec l\u2019intervention d\u2019<strong><mark style=\"background-color:rgba(0, 0, 0, 0)\" class=\"has-inline-color has-vivid-purple-color\">Elena Lasida<\/mark><\/strong>, professeure \u00e0 l\u2019Institut Catholique de Paris (ICP), docteure en sciences \u00e9conomiques et sociales, directrice du master \u00ab \u00c9conomie solidaire et logique de march\u00e9 \u00bb.<\/p>\n\n\n\n<div class=\"wp-block-columns is-layout-flex wp-container-core-columns-is-layout-9d6595d7 wp-block-columns-is-layout-flex\">\n<div class=\"wp-block-column is-layout-flow wp-block-column-is-layout-flow\">\n<h3 class=\"wp-block-heading\"><mark style=\"background-color:#744098\" class=\"has-inline-color has-white-color\"> Temps 2, de 12h \u00e0 22h : place(s) \u00e0 la f\u00eate !  <\/mark><\/h3>\n\n\n\n<p><strong><mark style=\"background-color:rgba(0, 0, 0, 0);color:#f6683b\" class=\"has-inline-color\">Place \u00e0 la f\u00eate : \u00ab Nos fragilit\u00e9s, une invitation \u00e0<br>plus d\u2019humanit\u00e9 ! \u00bb, depuis la grande sc\u00e8ne du <\/mark><em><mark style=\"background-color:rgba(0, 0, 0, 0);color:#f6683b\" class=\"has-inline-color\">Village des Fragilit\u00e9s<\/mark><\/em>. <\/strong><\/p>\n\n\n\n<p><strong><mark style=\"background-color:rgba(0, 0, 0, 0);color:#32b0a0\" class=\"has-inline-color\">Place au th\u00e9\u00e2tre et \u00e0 la danse&#8230;<\/mark><\/strong><\/p>\n\n\n\n<p><strong><mark style=\"background-color:rgba(0, 0, 0, 0)\" class=\"has-inline-color has-luminous-vivid-amber-color\">Flash mob g\u00e9ant<\/mark><\/strong> du <em>Village des Fragilit\u00e9s<\/em><br><mark style=\"background-color:rgba(0, 0, 0, 0);color:#744098\" class=\"has-inline-color\">&gt; <strong>\u00e0 12h et \u00e0 17h55<\/strong><\/mark><\/p>\n\n\n\n<p><strong><mark style=\"background-color:rgba(0, 0, 0, 0)\" class=\"has-inline-color has-luminous-vivid-amber-color\">Spectacle de L\u2019Arche le S\u00e9nev\u00e9<\/mark><\/strong><mark style=\"background-color:rgba(0, 0, 0, 0);color:#744098\" class=\"has-inline-color\"> &gt; <strong>13h25<\/strong><\/mark><\/p>\n\n\n\n<p><strong><mark style=\"background-color:rgba(0, 0, 0, 0)\" class=\"has-inline-color has-luminous-vivid-amber-color\">Les po\u00e8mes de Nicod\u00e8me<\/mark><\/strong> <mark style=\"background-color:rgba(0, 0, 0, 0);color:#744098\" class=\"has-inline-color\">&gt; <strong>13h50<\/strong><\/mark><\/p>\n\n\n\n<p><strong><em><mark style=\"background-color:rgba(0, 0, 0, 0)\" class=\"has-inline-color has-luminous-vivid-amber-color\">Les feux follets<\/mark><\/em><\/strong>, de Clubhouse <mark style=\"background-color:rgba(0, 0, 0, 0);color:#744098\" class=\"has-inline-color\">&gt; <strong>14h20<\/strong><\/mark><\/p>\n\n\n\n<p><em><strong><mark style=\"background-color:rgba(0, 0, 0, 0)\" class=\"has-inline-color has-luminous-vivid-amber-color\">Chez Simon<\/mark><\/strong><\/em>, de GEM <mark style=\"background-color:rgba(0, 0, 0, 0);color:#744098\" class=\"has-inline-color\">&gt; <strong>14h45<\/strong><\/mark><\/p>\n\n\n\n<p><strong><mark style=\"background-color:rgba(0, 0, 0, 0);color:#32b0a0\" class=\"has-inline-color\">Place aux cr\u00e9ations artistiques&#8230;<\/mark><\/strong><br>Pr\u00e9sentation des \u0153uvres des <strong><mark style=\"background-color:rgba(0, 0, 0, 0)\" class=\"has-inline-color has-luminous-vivid-amber-color\">Jeunes<br>Talents<\/mark><\/strong> <mark style=\"background-color:rgba(0, 0, 0, 0);color:#744098\" class=\"has-inline-color\">&gt; <strong>17h10<\/strong><\/mark><\/p>\n<\/div>\n\n\n\n<div class=\"wp-block-column is-layout-flow wp-block-column-is-layout-flow\">\n<p><\/p>\n\n\n\n<p><\/p>\n\n\n\n<p><strong><mark style=\"background-color:rgba(0, 0, 0, 0);color:#32b0a0\" class=\"has-inline-color\">Place \u00e0 la musique&#8230;<\/mark><\/strong><br>Chorale <strong><mark style=\"background-color:rgba(0, 0, 0, 0)\" class=\"has-inline-color has-luminous-vivid-amber-color\">Au Clair de la Rue<\/mark><\/strong><mark style=\"background-color:rgba(0, 0, 0, 0);color:#744098\" class=\"has-inline-color\"> &gt; <strong>13h<\/strong><\/mark><\/p>\n\n\n\n<p>Groupe <strong><mark style=\"background-color:rgba(0, 0, 0, 0)\" class=\"has-inline-color has-luminous-vivid-amber-color\">Balikou-afro percussions<\/mark><\/strong><br>(AFP France Handicap)<mark style=\"background-color:rgba(0, 0, 0, 0);color:#744098\" class=\"has-inline-color\"> &gt; <strong>15h10<\/strong><\/mark><\/p>\n\n\n\n<p><strong><em><mark style=\"background-color:rgba(0, 0, 0, 0)\" class=\"has-inline-color has-luminous-vivid-amber-color\">\u00ab Choisir la paix \u00bb<\/mark><\/em><\/strong>, chant\u00e9 par<br>B\u00e2tisseurs d\u2019esp\u00e9rance <mark style=\"background-color:rgba(0, 0, 0, 0);color:#744098\" class=\"has-inline-color\">&gt; <strong>15h45<\/strong><\/mark><\/p>\n\n\n\n<p>R\u00e9cital musical de <strong><mark style=\"background-color:rgba(0, 0, 0, 0)\" class=\"has-inline-color has-luminous-vivid-amber-color\">l\u2019H\u00f4tel social de Saint Vincent de Paul<\/mark><\/strong> <mark style=\"background-color:rgba(0, 0, 0, 0);color:#744098\" class=\"has-inline-color\">&gt; <strong>16h10<\/strong><\/mark><\/p>\n\n\n\n<p>Percussions avec <strong><mark style=\"background-color:rgba(0, 0, 0, 0)\" class=\"has-inline-color has-luminous-vivid-amber-color\">les jeunes de<br>Permis de construire<\/mark><\/strong> <mark style=\"background-color:rgba(0, 0, 0, 0);color:#744098\" class=\"has-inline-color\">&gt; <strong>16h25<\/strong><\/mark><\/p>\n\n\n\n<p>Slam avec les jeunes de <strong><mark style=\"background-color:rgba(0, 0, 0, 0)\" class=\"has-inline-color has-luminous-vivid-amber-color\">Pair-Aidance<br>Grand Ouest (PAGO)<\/mark><\/strong> <mark style=\"background-color:rgba(0, 0, 0, 0);color:#744098\" class=\"has-inline-color\">&gt; <strong>16h45<\/strong><\/mark><\/p>\n\n\n\n<p>Grand spectacle donn\u00e9 par 150<br>enfants des <strong><mark style=\"background-color:rgba(0, 0, 0, 0)\" class=\"has-inline-color has-luminous-vivid-amber-color\">chorales du Coll\u00e8ge<br>de Reverdy de Sabl\u00e9-sur-Sarthe et les ch\u0153urs CHAM et POREO de Rez\u00e9<\/mark><\/strong>, sous la direction de<br>Marc Leroy et Delphine Hautcoeur <mark style=\"background-color:rgba(0, 0, 0, 0);color:#744098\" class=\"has-inline-color\">&gt; <strong>18h15<\/strong><\/mark><\/p>\n\n\n\n<p>Final avec les choristes XXL d\u2019<strong><mark style=\"background-color:rgba(0, 0, 0, 0)\" class=\"has-inline-color has-luminous-vivid-amber-color\">Urban<br>Voices Nantes<\/mark><\/strong>, dirig\u00e9 par Karim<br>Ammour <mark style=\"background-color:rgba(0, 0, 0, 0);color:#744098\" class=\"has-inline-color\">&gt; <strong>20h<\/strong><\/mark><\/p>\n<\/div>\n<\/div>\n\n\n\n<div class=\"wp-block-columns is-layout-flex wp-container-core-columns-is-layout-9d6595d7 wp-block-columns-is-layout-flex\">\n<div class=\"wp-block-column is-layout-flow wp-block-column-is-layout-flow\">\n<h3 class=\"wp-block-heading\"><mark style=\"background-color:#744098\" class=\"has-inline-color has-white-color\"> Temps 3,  tout au long de la journ\u00e9e&#8230;<\/mark><\/h3>\n\n\n\n<p><strong><mark style=\"background-color:rgba(0, 0, 0, 0);color:#32b0a0\" class=\"has-inline-color\">Place aux repas&#8230;<\/mark><\/strong><\/p>\n\n\n\n<p>Avec <strong><mark style=\"background-color:rgba(0, 0, 0, 0)\" class=\"has-inline-color has-vivid-purple-color\">BAMe<\/mark><\/strong>, <strong><mark style=\"background-color:rgba(0, 0, 0, 0)\" class=\"has-inline-color has-vivid-purple-color\">Cuisine et c\u00e9t\u00e9ra<\/mark><\/strong>, <strong><mark style=\"background-color:rgba(0, 0, 0, 0)\" class=\"has-inline-color has-vivid-purple-color\">RAPI<\/mark><\/strong>, <strong><mark style=\"background-color:rgba(0, 0, 0, 0)\" class=\"has-inline-color has-vivid-purple-color\">l\u2019Autre<br>Cantine<\/mark><\/strong> et animation musicale donn\u00e9e par les jeunes de <strong><mark style=\"background-color:rgba(0, 0, 0, 0)\" class=\"has-inline-color has-luminous-vivid-amber-color\">AEDES G\u00e9n\u00e9ration<\/mark><\/strong><\/p>\n\n\n\n<p>Cr\u00eapes et boisson avec <strong><mark style=\"background-color:rgba(0, 0, 0, 0)\" class=\"has-inline-color has-vivid-purple-color\">Simon de Cyr\u00e8ne<\/mark><\/strong> et<br><strong><mark style=\"background-color:rgba(0, 0, 0, 0)\" class=\"has-inline-color has-vivid-purple-color\">Apprentis d\u2019Auteuil<\/mark><\/strong><\/p>\n\n\n\n<p><strong><mark style=\"background-color:rgba(0, 0, 0, 0);color:#32b0a0\" class=\"has-inline-color\">Place aux t\u00e9moignages&#8230;<\/mark><\/strong><br>Avec les interventions de <strong><mark style=\"background-color:rgba(0, 0, 0, 0)\" class=\"has-inline-color has-luminous-vivid-amber-color\">Philippe Pozzo di<br>Borgo<\/mark><\/strong>, <strong><mark style=\"background-color:rgba(0, 0, 0, 0)\" class=\"has-inline-color has-luminous-vivid-amber-color\">Dominique A<\/mark><\/strong> et <strong><mark style=\"background-color:rgba(0, 0, 0, 0)\" class=\"has-inline-color has-luminous-vivid-amber-color\">El\u00e9na Lasida<\/mark><\/strong>, nos<br>parrains-marraines.<\/p>\n\n\n\n<p><strong><mark style=\"background-color:rgba(0, 0, 0, 0);color:#32b0a0\" class=\"has-inline-color\">Place aux rencontres et aux \u00e9changes tout au long de la journ\u00e9e&#8230;<\/mark><\/strong><br>Visite des stands \u00e0 la d\u00e9couverte des<br><mark style=\"background-color:rgba(0, 0, 0, 0)\" class=\"has-inline-color has-vivid-purple-color\"><strong>associations du Collectif Fragilit\u00e9s &#8211; Partage<\/strong><\/mark> <\/p>\n\n\n\n<p><strong><mark style=\"background-color:rgba(0, 0, 0, 0)\" class=\"has-inline-color has-luminous-vivid-amber-color\">Promenade en Jo\u00eblette<\/mark><\/strong> avec l\u2019association<br><strong><mark style=\"background-color:rgba(0, 0, 0, 0)\" class=\"has-inline-color has-vivid-purple-color\">\u00ab Courir avec \u00bb<\/mark><\/strong><\/p>\n<\/div>\n\n\n\n<div class=\"wp-block-column is-layout-flow wp-block-column-is-layout-flow\">\n<p><\/p>\n\n\n\n<p><strong><mark style=\"background-color:rgba(0, 0, 0, 0);color:#32b0a0\" class=\"has-inline-color\">Place aux animations&#8230; <\/mark><\/strong><\/p>\n\n\n\n<p>\u00b7 <strong><mark style=\"background-color:rgba(0, 0, 0, 0)\" class=\"has-inline-color has-luminous-vivid-amber-color\">\u00ab Coupe du monde de Foot-Tango \u00bb<\/mark><\/strong> avec<br><strong><mark style=\"background-color:rgba(0, 0, 0, 0)\" class=\"has-inline-color has-vivid-purple-color\">G\u00e9rez Le Cam, Cosmos Foot et les Allum\u00e9s<br>du Tango<\/mark><\/strong><br>\u00b7 D\u00e9couverte et pratique de <strong><mark style=\"background-color:rgba(0, 0, 0, 0)\" class=\"has-inline-color has-vivid-purple-color\">disciplines sportives<br>adapt\u00e9es<\/mark><\/strong> avec la <strong><mark style=\"background-color:rgba(0, 0, 0, 0)\" class=\"has-inline-color has-luminous-vivid-amber-color\">Fondation 3A,<\/mark><\/strong> <strong><mark style=\"background-color:rgba(0, 0, 0, 0)\" class=\"has-inline-color has-luminous-vivid-amber-color\">APF<br>France Handicap<\/mark><\/strong> <strong><mark style=\"background-color:rgba(0, 0, 0, 0)\" class=\"has-inline-color has-luminous-vivid-amber-color\">et Etoile sportive de Cou\u00ebron<\/mark><\/strong><br>\u00b7 Exposition des <strong><mark style=\"background-color:rgba(0, 0, 0, 0)\" class=\"has-inline-color has-vivid-purple-color\">oeuvres artistiques<br>r\u00e9alis\u00e9es par les Jeunes Talents<\/mark><\/strong><br>\u00b7 Performance et r\u00e9alisation de <strong><mark style=\"background-color:rgba(0, 0, 0, 0)\" class=\"has-inline-color has-luminous-vivid-amber-color\">la grande<br>fresque des fragilit\u00e9s<\/mark><\/strong> avec <mark style=\"background-color:rgba(0, 0, 0, 0)\" class=\"has-inline-color has-vivid-purple-color\"><strong>Marie Buthaud<br>et Agathe Paoli<\/strong><\/mark><br>\u00b7 Exposition des oeuvres de <mark style=\"background-color:rgba(0, 0, 0, 0)\" class=\"has-inline-color has-vivid-purple-color\"><strong>Kaarly<\/strong><\/mark> et vernissage de <mark style=\"background-color:rgba(0, 0, 0, 0)\" class=\"has-inline-color has-black-color\">l\u2019exposition<\/mark><strong><mark style=\"background-color:rgba(0, 0, 0, 0)\" class=\"has-inline-color has-luminous-vivid-amber-color\"> <em>\u00ab Kristof \u00bb<\/em><\/mark><\/strong>, aquarelle et encre, sur le th\u00e8me de l\u2019accueil et de l&#8217;exil, en partenariat avec <strong><mark style=\"background-color:rgba(0, 0, 0, 0)\" class=\"has-inline-color has-vivid-purple-color\">Pacco &amp; Il faut que l\u2019on respire<\/mark><\/strong>.<\/p>\n<\/div>\n<\/div>\n\n\n<div class=\"wp-block-image\">\n<figure class=\"aligncenter size-large is-resized\"><img loading=\"lazy\" decoding=\"async\" width=\"1024\" height=\"576\" src=\"http:\/\/www.printempsdesfragilites.com\/wp-content\/uploads\/2022\/07\/Capture-de\u0301cran-2022-07-06-a\u0300-17.48.38-1024x576.png\" alt=\"\" class=\"wp-image-2770\" style=\"width:591px;height:332px\" srcset=\"https:\/\/www.printempsdesfragilites.com\/wp-content\/uploads\/2022\/07\/Capture-de\u0301cran-2022-07-06-a\u0300-17.48.38-1024x576.png 1024w, https:\/\/www.printempsdesfragilites.com\/wp-content\/uploads\/2022\/07\/Capture-de\u0301cran-2022-07-06-a\u0300-17.48.38-300x169.png 300w, https:\/\/www.printempsdesfragilites.com\/wp-content\/uploads\/2022\/07\/Capture-de\u0301cran-2022-07-06-a\u0300-17.48.38-768x432.png 768w, https:\/\/www.printempsdesfragilites.com\/wp-content\/uploads\/2022\/07\/Capture-de\u0301cran-2022-07-06-a\u0300-17.48.38.png 1361w\" sizes=\"auto, (max-width: 1024px) 100vw, 1024px\" \/><\/figure>\n<\/div>\n\n\n<p><\/p>\n","protected":false},"excerpt":{"rendered":"<p>Vous pouvez consulter les \u00e9v\u00e8nements du Village des fragilit\u00e9s 2023 ci-dessous ou bien en feuilletant la brochure du festival. Place \u00e0 la f\u00eate ! Ouvert au public, gratuit, le &#8220;Village des Fragilit\u00e9s&#8221; se transforme en agora, le matin, pour r\u00e9fl\u00e9chir ensemble sur &#8220;l\u2019accueil des fragilit\u00e9s et la qu\u00eate de sens dans le monde du travail&#8221;. [&hellip;]<\/p>\n","protected":false},"author":2,"featured_media":0,"parent":0,"menu_order":0,"comment_status":"closed","ping_status":"closed","template":"","meta":{"footnotes":""},"class_list":["post-2760","page","type-page","status-publish","hentry"],"_links":{"self":[{"href":"https:\/\/www.printempsdesfragilites.com\/index.php\/wp-json\/wp\/v2\/pages\/2760","targetHints":{"allow":["GET"]}}],"collection":[{"href":"https:\/\/www.printempsdesfragilites.com\/index.php\/wp-json\/wp\/v2\/pages"}],"about":[{"href":"https:\/\/www.printempsdesfragilites.com\/index.php\/wp-json\/wp\/v2\/types\/page"}],"author":[{"embeddable":true,"href":"https:\/\/www.printempsdesfragilites.com\/index.php\/wp-json\/wp\/v2\/users\/2"}],"replies":[{"embeddable":true,"href":"https:\/\/www.printempsdesfragilites.com\/index.php\/wp-json\/wp\/v2\/comments?post=2760"}],"version-history":[{"count":45,"href":"https:\/\/www.printempsdesfragilites.com\/index.php\/wp-json\/wp\/v2\/pages\/2760\/revisions"}],"predecessor-version":[{"id":4532,"href":"https:\/\/www.printempsdesfragilites.com\/index.php\/wp-json\/wp\/v2\/pages\/2760\/revisions\/4532"}],"wp:attachment":[{"href":"https:\/\/www.printempsdesfragilites.com\/index.php\/wp-json\/wp\/v2\/media?parent=2760"}],"curies":[{"name":"wp","href":"https:\/\/api.w.org\/{rel}","templated":true}]}}