{"id":4041,"date":"2023-05-01T17:14:40","date_gmt":"2023-05-01T15:14:40","guid":{"rendered":"http:\/\/www.printempsdesfragilites.com\/?page_id=4041"},"modified":"2024-07-29T15:48:06","modified_gmt":"2024-07-29T13:48:06","slug":"dossier-de-presse","status":"publish","type":"page","link":"https:\/\/www.printempsdesfragilites.com\/index.php\/dossier-de-presse\/","title":{"rendered":"Espace et relations presse"},"content":{"rendered":"\n<ul class=\"wp-block-list\">\n<li><strong><mark style=\"background-color:rgba(0, 0, 0, 0)\" class=\"has-inline-color has-vivid-purple-color\">Dossier de Presse (format PDF)<\/mark><\/strong> : <a href=\"http:\/\/www.printempsdesfragilites.com\/wp-content\/uploads\/2023\/05\/Dossier-de-Presse-Printemps-des-Fragilites.pdf\" target=\"_blank\" rel=\"noreferrer noopener\"><mark style=\"background-color:rgba(0, 0, 0, 0)\" class=\"has-inline-color has-vivid-cyan-blue-color\">t\u00e9l\u00e9charger le dossier de presse<\/mark><\/a> du festival &#8220;Printemps des Fragilit\u00e9s&#8221;, \u00e9dition n\u00b02, 10 mai au 10 juin 2023 <em>(con\u00e7u et r\u00e9alis\u00e9 en collaboration avec les \u00e9tudiants en BTS Communication du lyc\u00e9e St-F\u00e9lix La Salle, Nantes)<\/em><\/li>\n<\/ul>\n\n\n\n<ul class=\"wp-block-list\">\n<li><strong><mark style=\"background-color:rgba(0, 0, 0, 0)\" class=\"has-inline-color has-vivid-purple-color\">L&#8217;affiche officielle (format PDF, Haute d\u00e9finition)&nbsp;<\/mark><\/strong> : <a rel=\"noreferrer noopener\" href=\"http:\/\/www.printempsdesfragilites.com\/wp-content\/uploads\/2023\/05\/Affiche-officielle_Festival-Printemps-des-Fragilites_Edition-2023.jpeg\" target=\"_blank\"><mark style=\"background-color:rgba(0, 0, 0, 0)\" class=\"has-inline-color has-vivid-cyan-blue-color\">t\u00e9l\u00e9charger l&#8217;affiche officielle<\/mark><\/a> du festival &#8220;Printemps des Fragilit\u00e9s&#8221;, \u00e9dition n\u00b02, 10 mai au 10 juin 2023 <em>(con\u00e7ue et r\u00e9alis\u00e9e en collaboration avec les \u00e9tudiants en BTS Communication du lyc\u00e9e St-F\u00e9lix La Salle, Nantes)<\/em>&nbsp;<\/li>\n<\/ul>\n\n\n\n<ul class=\"wp-block-list\">\n<li><strong><mark style=\"background-color:rgba(0, 0, 0, 0)\" class=\"has-inline-color has-vivid-purple-color\">Le logotype du &#8220;Village des Fragilit\u00e9s&#8221;<\/mark><\/strong> <em>(Copyright : Collectif Fragilit\u00e9s en Partage)<\/em>, village \u00e9ph\u00e9m\u00e8re mont\u00e9 par une centaine de b\u00e9n\u00e9voles, le 10 juin 2023, sur le Parc des Chantiers, au c\u0153ur de\u00a0Nantes, 6\u00e8me m\u00e9tropole de France : <a href=\"http:\/\/www.printempsdesfragilites.com\/wp-content\/uploads\/2023\/05\/Village-des-fragilites.pdf\" target=\"_blank\" rel=\"noreferrer noopener\"><mark style=\"background-color:rgba(0, 0, 0, 0)\" class=\"has-inline-color has-vivid-cyan-blue-color\">\u00e0 t\u00e9l\u00e9charger<\/mark><\/a>\u00a0 \u00a0 \u00a0<\/li>\n<\/ul>\n\n\n\n<ul class=\"wp-block-list\">\n<li><strong><mark style=\"background-color:rgba(0, 0, 0, 0)\" class=\"has-inline-color has-vivid-purple-color\">L&#8217;affiche des 90 associations <\/mark><\/strong>qui composent <a href=\"http:\/\/www.printempsdesfragilites.com\/wp-content\/uploads\/2023\/04\/logos-la-totale3.png\" target=\"_blank\" rel=\"noreferrer noopener\"><mark style=\"background-color:rgba(0, 0, 0, 0)\" class=\"has-inline-color has-vivid-cyan-blue-color\">le Collectif Fragilit\u00e9s en Partage<\/mark><\/a><\/li>\n<\/ul>\n\n\n\n<ul class=\"wp-block-list\">\n<li><strong><mark style=\"background-color:rgba(0, 0, 0, 0)\" class=\"has-inline-color has-vivid-purple-color\">Le communiqu\u00e9 de presse<\/mark><\/strong> du festival &#8220;Printemps des Fragilit\u00e9s&#8221;, \u00e9dition n\u00b02, 10 mai au 10 juin 2023 : <a href=\"http:\/\/www.printempsdesfragilites.com\/wp-content\/uploads\/2023\/05\/Communique-de-presse-1er-mai-2023.pdf\" target=\"_blank\" rel=\"noreferrer noopener\"><mark style=\"background-color:rgba(0, 0, 0, 0)\" class=\"has-inline-color has-vivid-cyan-blue-color\">\u00e0 t\u00e9l\u00e9charger<\/mark><\/a> <\/li>\n<\/ul>\n\n\n\n<p><strong><mark style=\"background-color:rgba(0, 0, 0, 0)\" class=\"has-inline-color has-vivid-purple-color\">Contact Presse<\/mark> <\/strong>: Mr. Dominique Deveaux <\/p>\n\n\n\n<ul class=\"wp-block-list\">\n<li>T\u00e9l. : 07 87 25 74 71 <\/li>\n\n\n\n<li>E-mail : deveaux.dom@gmail.com <\/li>\n<\/ul>\n","protected":false},"excerpt":{"rendered":"<p>Contact Presse : Mr. Dominique Deveaux<\/p>\n","protected":false},"author":4,"featured_media":0,"parent":0,"menu_order":0,"comment_status":"closed","ping_status":"closed","template":"","meta":{"footnotes":""},"class_list":["post-4041","page","type-page","status-publish","hentry"],"_links":{"self":[{"href":"https:\/\/www.printempsdesfragilites.com\/index.php\/wp-json\/wp\/v2\/pages\/4041","targetHints":{"allow":["GET"]}}],"collection":[{"href":"https:\/\/www.printempsdesfragilites.com\/index.php\/wp-json\/wp\/v2\/pages"}],"about":[{"href":"https:\/\/www.printempsdesfragilites.com\/index.php\/wp-json\/wp\/v2\/types\/page"}],"author":[{"embeddable":true,"href":"https:\/\/www.printempsdesfragilites.com\/index.php\/wp-json\/wp\/v2\/users\/4"}],"replies":[{"embeddable":true,"href":"https:\/\/www.printempsdesfragilites.com\/index.php\/wp-json\/wp\/v2\/comments?post=4041"}],"version-history":[{"count":8,"href":"https:\/\/www.printempsdesfragilites.com\/index.php\/wp-json\/wp\/v2\/pages\/4041\/revisions"}],"predecessor-version":[{"id":4301,"href":"https:\/\/www.printempsdesfragilites.com\/index.php\/wp-json\/wp\/v2\/pages\/4041\/revisions\/4301"}],"wp:attachment":[{"href":"https:\/\/www.printempsdesfragilites.com\/index.php\/wp-json\/wp\/v2\/media?parent=4041"}],"curies":[{"name":"wp","href":"https:\/\/api.w.org\/{rel}","templated":true}]}}