{"id":407,"date":"2020-03-03T08:43:08","date_gmt":"2020-03-03T07:43:08","guid":{"rendered":"http:\/\/www.printempsdesfragilites.com\/?page_id=407"},"modified":"2025-05-09T10:28:21","modified_gmt":"2025-05-09T08:28:21","slug":"le-festival","status":"publish","type":"page","link":"https:\/\/www.printempsdesfragilites.com\/index.php\/le-festival\/","title":{"rendered":"3\u00e8me \u00e9dition : c&#8217;est parti !"},"content":{"rendered":"\n<p><strong><em><strong>Floraison \u00ab&nbsp;d\u2019oasis de fraternit\u00e9&nbsp;\u00bb en terre lig\u00e9rienne \u00e0 l\u2019occasion de la 3e \u00e9dition du festival du Printemps des Fragilit\u00e9s&nbsp;!<\/strong><\/em><\/strong><\/p>\n\n\n\n<p class=\"has-drop-cap\"><strong>Pour sa 3<sup>e<\/sup> \u00e9dition, le festival du \u00ab&nbsp;Printemps des Fragilit\u00e9s&nbsp;\u00bb c\u00e9l\u00e8bre la fraternit\u00e9 en mettant en lumi\u00e8re les plus de cent associations de solidarit\u00e9 du \u00ab&nbsp;Collectif Fragilit\u00e9s en Partage&nbsp;\u00bb<\/strong>&nbsp;: \u0153uvrant chacune dans leur domaine de sp\u00e9cialit\u00e9, elles donnent corps \u00e0 l\u2019id\u00e9al de fraternit\u00e9. En \u00e9cho \u00e0 \u00ab&nbsp;notre humanit\u00e9 si fragile&nbsp;\u00bb, comme aimait le dire notre parrain Philippe Pozzo di Borgo, <strong>la programmation du festival d\u00e9marre d\u00e8s septembre 2024 en Pays de la Loire et s\u2019ach\u00e8vera les 24 et 25 mai 2025, lors d\u2019un grand week-end festif organis\u00e9 au c\u0153ur de la Ville de Nantes<\/strong>, 6<sup>e<\/sup> m\u00e9tropole de France, o\u00f9 s\u2019\u00e9rigera, pour la 3<sup>e<\/sup> fois, le \u00ab&nbsp;Village des Fragilit\u00e9s&nbsp;\u00bb.<\/p>\n\n\n\n<p>S\u2019installant donc tout au long de l\u2019ann\u00e9e, le \u00ab&nbsp;Printemps des Fragilit\u00e9s&nbsp;\u00bb vous invite \u00e0 d\u00e9couvrir mille et un lieux de solidarit\u00e9 comme autant <strong>\u00ab&nbsp;d\u2019oasis de fraternit\u00e9&nbsp;\u00bb<\/strong> \u2013 expression ch\u00e8re au sociologue et philosophe Edgar Morin : chacun peut venir y trouver des ressources pour se mettre en mouvement, voire agir et prendre sa part dans l\u2019accompagnement des personnes les plus fragiles, mais aussi, d\u00e9couvrir et accueillir les richesses que les personnes invisibles ou invisibilis\u00e9es rec\u00e8lent en elles. &nbsp;&nbsp;<\/p>\n\n\n\n<p>Autant de rendez-vous et de rencontres pour faire l\u2019exp\u00e9rience, vivre et traverser les fragilit\u00e9s de nos existences, qu\u2019il s\u2019agisse&nbsp;: des handicaps visibles et\/ou invisibles, des maladies longues, des multiples formes d\u2019exclusion (de la rue \u00e0 la mis\u00e8re et la pauvret\u00e9), des violences faites aux femmes, aux personnes LGBTQIA+ \u00e0 la maltraitance aux enfants, de la solitude, du repli sur soi, des exils, des guerres, des massacres, du mal-\u00eatre, du mal-logement, des difficult\u00e9s sociales, des addictions\u2026 Oui, les causes ne manquent pas tant les fragilit\u00e9s, nos fragilit\u00e9s, nous traversent, nous touchent, nous entourent de&nbsp;partout.<\/p>\n\n\n\n<p class=\"has-drop-cap\"><strong>Face \u00e0 tant d\u2019injustice nous pourrions baisser d\u00e9finitivement les bras.<\/strong> Mais, nous pr\u00e9f\u00e9rons nous questionner et nous demander s\u2019il n\u2019y a pas, l\u00e0, une forme d\u2019invitation&nbsp;? L\u00e0 o\u00f9 la soci\u00e9t\u00e9 se construit essentiellement sur des liens de domination, les associations du \u00ab&nbsp;Collectif Fragilit\u00e9s en Partage&nbsp;\u00bb ne dessinent-elles pas un chemin pour un changement majeur&nbsp;? Celui de l\u2019alt\u00e9rit\u00e9, de la fraternit\u00e9, de la rencontre et de la reconnaissance de nos fragilit\u00e9s.<\/p>\n\n\n\n<p>Par sa programmation riche et diverse, la 3<sup>e<\/sup> \u00e9dition du festival \u00ab&nbsp;Printemps des Fragilit\u00e9s&nbsp;\u00bb vous invite \u00e0 d\u00e9couvrir cette dynamique de convergence qui anime le \u00ab&nbsp;Collectif Fragilit\u00e9s en Partage&nbsp;\u00bb&nbsp;: un v\u00e9ritable projet d\u2019ouverture, destin\u00e9 \u00e0 tout un chacun, sans condition, sans fronti\u00e8re, sans barri\u00e8re. Alors, bon festival et que vive la fraternit\u00e9\u2026 \u00e0 jamais&nbsp;! &nbsp;&nbsp;&nbsp;<\/p>\n\n\n\n<h4 class=\"wp-block-heading has-luminous-vivid-orange-color has-text-color\"><strong><em><strong><strong>Extrait de la charte du \u00ab&nbsp;Collectif Fragilit\u00e9s en Partage&nbsp;\u00bb<\/strong><\/strong><\/em><\/strong><\/h4>\n\n\n\n<p>Organis\u00e9 en association loi 1901 depuis avril 2024, le \u00ab&nbsp;Collectif Fragilit\u00e9s en Partage&nbsp;\u00bb r\u00e9unit plus de cent associations et collectifs de solidarit\u00e9 en r\u00e9gion lig\u00e9rienne.<\/p>\n\n\n\n<p>Les valeurs d\u00e9fendues par le \u00ab&nbsp;Collectif Fragilit\u00e9s en Partage&nbsp;\u00bb sont les suivantes&nbsp;: &nbsp;<\/p>\n\n\n\n<ul class=\"wp-block-list\">\n<li>Reconnaissance de nos fragilit\u00e9s et de nos propres limites inh\u00e9rentes \u00e0 notre condition m\u00eame d\u2019\u00eatre humain.<\/li>\n\n\n\n<li>Acceptation de nos fragilit\u00e9s et, donc, de nos d\u00e9pendances et de nos besoins d\u2019entraide tout au long de notre existence.<\/li>\n\n\n\n<li>Accueil de nos fragilit\u00e9s, sans distinction, ni discrimination, quelles que soient nos appartenances culturelles ou religieuses. Partout dans notre soci\u00e9t\u00e9, partout \u00e0 travers le monde, les relations doivent pouvoir se fonder sur ce socle, synonyme de confiance et de r\u00e9ciprocit\u00e9.<\/li>\n<\/ul>\n\n\n\n<p><strong>Gen\u00e8se<\/strong> <\/p>\n\n\n\n<h3 class=\"wp-block-heading\">&#8220;C<strong><em>ollectif Fragilit\u00e9s en Partage&#8221; : ce qui nous anime, nous r\u00e9unit et que nous souhaitons partager<\/em><\/strong>.<\/h3>\n\n\n\n<p class=\"has-drop-cap\">En 2009, Erik Pillet, ancien DRH d\u2019EADS Airbus, fondateur de l\u2019association de l\u2019Arche \u00e0 Toulouse, organise un colloque qu\u2019il intitule \u00ab&nbsp;Fragilit\u00e9s Interdites&nbsp;? Plaidoyer pour un droit \u00e0 la fragilit\u00e9&nbsp;\u00bb. Xavier Emmanuelli en sera une des t\u00eates d\u2019affiche. L\u2019id\u00e9e d\u2019un colloque est reprise \u00e0 Lyon en 2011 sur le th\u00e8me \u00ab&nbsp;Tous fragiles, tous humains&nbsp;\u00bb, en partenariat avec la Mission r\u00e9gionale d\u2019information sur l\u2019exclusion (MRIE), l\u2019association Astr\u00e9e et le r\u00e9seau Envie, avec le t\u00e9moignage de Julia Kristeva, Michela Marzano, Bruno Tardieu, Jean-Paul Delevoye, Axel Kahn \u2026<\/p>\n\n\n\n<p>Une troisi\u00e8me \u00e9dition est organis\u00e9e \u00e0 Nantes en 2013 \u00e0 la Beaujoire, r\u00e9unissant 1.500 participants pour deux journ\u00e9es intenses intitul\u00e9es \u00ab&nbsp;Fragilit\u00e9s Interdites \u2013 fragiles et pourtant que de vie&nbsp;!&nbsp;\u00bb, avec la participation d\u2019Emmanuel Faber, Philippe Pozzo di Borgo, Anne-Dauphine Jullian, Jacques Ricot et tant d\u2019autres. Une quatri\u00e8me \u00e9dition sous le titre &#8220;Ensemble, revisiter la fragilit\u00e9&#8221; se d\u00e9roule \u00e0 Paris en 2016. Le souvenir de ces journ\u00e9es demeure si intense que nous avons souhait\u00e9 continuer \u00e0 cultiver ce climat si particulier, surgi de nos rencontres avec la Fragilit\u00e9. Dans leur diversit\u00e9, tous les t\u00e9moignages recueillis confirment, de fa\u00e7on souvent bouleversante, que c\u2019est \u00e0 partir de l\u2019exp\u00e9rience de leur fragilit\u00e9 que leur vie a pris une nouvelle dimension, beaucoup plus juste, beaucoup plus r\u00e9elle, et beaucoup plus passionnante.<\/p>\n\n\n\n<p>Sous<strong> <\/strong>une nouvelle forme, faite de visites en toute simplicit\u00e9 au c\u0153ur des associations et d\u2019un beau moment de festivit\u00e9s, nous vous proposons encore et toujours de partager toute cette \u00e9motion source de joie et d\u2019humanit\u00e9. Nous&nbsp; accueillons nos limites comme faisant partie de qui nous sommes. Et \u00e0 partir de l\u00e0, nous d\u00e9couvrons que nous avons besoin les uns des autres, nous avons une soif de nous rencontrer, et de nous rencontrer vraiment. Nous avons besoin de la confiance entre nous. Et c\u2019est parce que nous sommes fragiles que nous sommes tenus \u00e0 construire cette confiance. Forts de cette conviction, nous vous proposons de participer \u00e0 cette nouvelle aventure&nbsp;: au c\u0153ur de la ville de Nantes, nous retrouver pour c\u00e9l\u00e9brer et partager ensemble notre humanit\u00e9 si fragile et pourtant si belle.<\/p>\n\n\n\n<h4 class=\"wp-block-heading has-luminous-vivid-orange-color has-text-color\"><strong><em>&#8221; Printemps des Fragilit\u00e9s&nbsp;: r\u00e9v\u00e9lons la richesse de nos relations&nbsp;&#8220;<\/em><\/strong> <\/h4>\n\n\n\n<p class=\"has-drop-cap\"><strong>A travers ce titre, nous adressons une invitation \u00e0 l\u2019accueil de toutes les fragilit\u00e9s.<\/strong> Accueillies, nos fragilit\u00e9s deviennent une force pour chacun d&#8217;entre nous, car elles renvoient \u00e0 la question m\u00eame de l&#8217;humanit\u00e9. Nos fragilit\u00e9s, il est temps de nous en emparer, de les questionner avec humilit\u00e9, de les regarder, &nbsp;d&#8217;apprendre ensemble \u00e0 les aimer parce qu\u2019elles nous ouvrent \u00e0 la rencontre. R\u00e9unis au sein du \u00ab&nbsp;Collectif Fragilit\u00e9s en Partage&nbsp;\u00bb, nous sommes plus de cent associations qui \u0153uvrent chacune aupr\u00e8s de personnes en situation de fragilit\u00e9 : handicap, maladie, exclusion, solitude, exil, mal-logement, difficult\u00e9s sociales, addictions, \u2026<\/p>\n\n\n\n<p><strong>Nous faisons tous l\u2019exp\u00e9rience que notre rencontre en v\u00e9rit\u00e9 avec les personnes en situation de vuln\u00e9rabilit\u00e9, nous a boulevers\u00e9s.<\/strong> Touchant notre propre fragilit\u00e9, chacun de nous a saisi qu\u2019elle fait la beaut\u00e9 de notre humanit\u00e9, et que nous n\u2019avions pas en avoir peur. Nous avons per\u00e7u dans cette exp\u00e9rience, ce que peut \u00eatre la joie profonde et la paix int\u00e9rieure. Ce festival marque notre d\u00e9sir de partager cette exp\u00e9rience avec tous ceux qui cherchent \u00e0 vivre pleinement leur humanit\u00e9, quelle que soit leur appartenance culturelle et\/ou religieuse. Notre souhait le plus cher est de sensibiliser un public \u00e9largi \u00e0 l\u2019accueil des fragilit\u00e9s, de mieux faire connaitre la diversit\u00e9 des associations qui s\u2019y consacrent et de donner envie de nous rejoindre.<\/p>\n\n\n\n<blockquote class=\"wp-block-quote is-layout-flow wp-block-quote-is-layout-flow\">\n<p><em>\u00ab Ce n\u2019est qu\u2019\u00e0 partir du moment o\u00f9 il y a<\/em> <em>une acceptation de ses propres fragilit\u00e9s, de ses failles, et donc de la d\u00e9pendance, que l\u2019on peut s\u2019ouvrir aux autres et faire place \u00e0 la confiance dans les autres, seule fa\u00e7on de recr\u00e9er du lien social. \u00bb<\/em><\/p>\n<cite>Michela Marzano, philosophe<\/cite><\/blockquote>\n\n\n\n<p><\/p>\n\n\n\n<p><strong>Remerciements.<\/strong>\u00a0<\/p>\n\n\n\n<p>Le \u201cCollectif Fragilit\u00e9s en Partage\u201d tient \u00e0 remercier l\u2019ensemble des donateurs\u00a0pour leur g\u00e9n\u00e9rosit\u00e9 et leur soutien.<\/p>\n\n\n\n<p><strong>Cr\u00e9dits photos : <\/strong>Dominique A par Vincent Delerm<\/p>\n\n\n\n<p><strong>Contacts :<\/strong>&nbsp;printemps.fragilites@gmail.com<\/p>\n","protected":false},"excerpt":{"rendered":"<p>Floraison \u00ab&nbsp;d\u2019oasis de fraternit\u00e9&nbsp;\u00bb en terre lig\u00e9rienne \u00e0 l\u2019occasion de la 3e \u00e9dition du festival du Printemps des Fragilit\u00e9s&nbsp;! Pour sa 3e \u00e9dition, le festival du \u00ab&nbsp;Printemps des Fragilit\u00e9s&nbsp;\u00bb c\u00e9l\u00e8bre la fraternit\u00e9 en mettant en lumi\u00e8re les plus de cent associations de solidarit\u00e9 du \u00ab&nbsp;Collectif Fragilit\u00e9s en Partage&nbsp;\u00bb&nbsp;: \u0153uvrant chacune dans leur domaine de sp\u00e9cialit\u00e9, [&hellip;]<\/p>\n","protected":false},"author":1,"featured_media":4958,"parent":0,"menu_order":0,"comment_status":"closed","ping_status":"closed","template":"page.php","meta":{"footnotes":""},"class_list":["post-407","page","type-page","status-publish","has-post-thumbnail","hentry"],"_links":{"self":[{"href":"https:\/\/www.printempsdesfragilites.com\/index.php\/wp-json\/wp\/v2\/pages\/407","targetHints":{"allow":["GET"]}}],"collection":[{"href":"https:\/\/www.printempsdesfragilites.com\/index.php\/wp-json\/wp\/v2\/pages"}],"about":[{"href":"https:\/\/www.printempsdesfragilites.com\/index.php\/wp-json\/wp\/v2\/types\/page"}],"author":[{"embeddable":true,"href":"https:\/\/www.printempsdesfragilites.com\/index.php\/wp-json\/wp\/v2\/users\/1"}],"replies":[{"embeddable":true,"href":"https:\/\/www.printempsdesfragilites.com\/index.php\/wp-json\/wp\/v2\/comments?post=407"}],"version-history":[{"count":60,"href":"https:\/\/www.printempsdesfragilites.com\/index.php\/wp-json\/wp\/v2\/pages\/407\/revisions"}],"predecessor-version":[{"id":4410,"href":"https:\/\/www.printempsdesfragilites.com\/index.php\/wp-json\/wp\/v2\/pages\/407\/revisions\/4410"}],"wp:featuredmedia":[{"embeddable":true,"href":"https:\/\/www.printempsdesfragilites.com\/index.php\/wp-json\/wp\/v2\/media\/4958"}],"wp:attachment":[{"href":"https:\/\/www.printempsdesfragilites.com\/index.php\/wp-json\/wp\/v2\/media?parent=407"}],"curies":[{"name":"wp","href":"https:\/\/api.w.org\/{rel}","templated":true}]}}