{"id":4071,"date":"2023-05-10T23:01:10","date_gmt":"2023-05-10T21:01:10","guid":{"rendered":"http:\/\/www.printempsdesfragilites.com\/?page_id=4071"},"modified":"2023-07-01T11:47:08","modified_gmt":"2023-07-01T09:47:08","slug":"festival-des-talents","status":"publish","type":"page","link":"https:\/\/www.printempsdesfragilites.com\/index.php\/festival-des-talents\/","title":{"rendered":"Place aux Jeunes Talents"},"content":{"rendered":"\n<p><strong>Le festival invite les&nbsp;<\/strong><strong>Jeunes Talents (enfants,&nbsp;adolescents, jeunes adultes&#8230; et moins jeunes)<\/strong><strong>&nbsp;\u00e0 questionner, de mani\u00e8re individuelle ou collective, la (les) fragilit\u00e9(s) dans notre soci\u00e9t\u00e9.<\/strong>&nbsp;Pour les entendre, les \u00e9couter, les voir s\u2019exprimer par une cr\u00e9ation artistique de leur choix : dessin, sculpture, photo, vid\u00e9o, clip, rap, po\u00e9sie, slam, musique, chant&#8230;<\/p>\n\n\n\n<p><strong>Un stand d&#8217;exposition et une c\u00e9r\u00e9monie sur la grande sc\u00e8ne du <a href=\"http:\/\/www.printempsdesfragilites.com\/index.php\/les-evenements-du-10-juin\/\"><mark style=\"background-color:rgba(0, 0, 0, 0)\" class=\"has-inline-color has-vivid-cyan-blue-color\">Village des Fragilit\u00e9s<\/mark><\/a>, le 10 juin 2023,<\/strong>&nbsp;sont pr\u00e9vus pour permettre l&#8217;expression des jeunes sur ce th\u00e8me.&nbsp;<\/p>\n\n\n\n<p><strong>Cette invitation \u00e0 l&#8217;expression des Jeunes Talents<\/strong>&nbsp;est&nbsp;ouverte \u00e0 toutes structures scolaires, associatives ou autre, \u00e0 tous les niveaux et \u00e0 toutes les disciplines.<\/p>\n\n\n\n<p>Faites-nous part de vos projets&nbsp;<strong>Jeunes Talents<\/strong>&nbsp;par mail \u00e0&nbsp;<a rel=\"noreferrer noopener\" href=\"mailto:printemps.fragilites@gmail.com\" target=\"_blank\">printemps.fragilites@gmail.com<\/a>&nbsp;<strong>avant le 15 mai<\/strong>, pour pr\u00e9voir&nbsp;<strong>l&#8217;exposition de vos \u0153uvres et le passage sur la grande sc\u00e8ne du Village des Fragilit\u00e9s, le 10 juin 2023<\/strong>.&nbsp;<\/p>\n\n\n\n<p><\/p>\n\n\n\n<h2 class=\"wp-block-heading\">Contribution de Jacques Tabard pour la Maison de Nicod\u00e8me<\/h2>\n\n\n\n<p>Refrain :<br>Dans cette Maison de Nicod\u00e8me<br>Nous sommes tous chez nous<br>B\u00e9n\u00e9voles, soignants, patients<br>Nous formons un tout<br><\/p>\n\n\n\n<p>&#8211;\u00a01\u00a0&#8211;<\/p>\n\n\n\n<p>Cela fait d\u00e9j\u00e0 presque quatorze mois<br>Que nous vivons dans cette maison<br>Prendre du temps, \u00eatre sans voix<br>Aimer \u00e0 en perdre la raison<br>Sourire aux l\u00e8vres, c\u0153ur en \u00e9moi<br>Petits gestes d\u2019amour en demi ton<br>Bouquets de fleurs pour tous les rois<br>Que sont les gens de cette maison<br><br><\/p>\n\n\n\n<p>&#8211;\u00a02\u00a0&#8211; <\/p>\n\n\n\n<p>Chacun partage comme un cadeau<br>Pour apporter le r\u00e9confort<br>Du violoncelle et du piano<br>De la lecture et plus encore<br>La vie rentre dans la maison<br>Musique, chorale de toute part<br>Sans oublier les expositions<br>Peintures, photos et tous les arts.<br><br>&#8211;\u00a03\u00a0&#8211;<br>Toutes les fragilit\u00e9s du monde<br>Se croisent chez nous \u00e0 Nicod\u00e8me<br>Rage de vivre malgr\u00e9 les ondes<br>Qui nous am\u00e8nent \u00e0 dire je t\u2019aime<br>Aimer, aller \u00e0 l\u2019essentiel<br>Prendre une main, douce caresse<br>\u00catre un port entre terre et ciel<br>Sans avoir peur de nos d\u00e9tresses<br><br>&#8211;\u00a04\u00a0&#8211;<br>Si nous pouvons \u0153uvrer ensemble<br>C\u2019est gr\u00e2ce \u00e0 Dieu, il me semble<br>Car il est l\u00e0 un peu partout<br>Reflets de son image en nous<br>Partager nos joies, nos peines,<br>Balayer tout ce qui est terne<br>Habiller la vie de couleurs<br>Et la remplir plein de bonheur<br><br>&#8211;\u00a05\u00a0&#8211;<br>Ceux avec qui nous cheminons<br>Ressentent au c\u0153ur le grand frisson<br>De poursuivre leur passage<br>Arriver sur d\u2019autres rivages<br>Ils nous laissent l\u00e0 au bord de l\u2019eau<br>S\u2019en vont au large toujours plus haut<br>Leurs souffles l\u00e9gers poussent nos voiles<br>Nous nous reverrons dans les \u00e9toiles<br><\/p>\n\n\n\n<p><\/p>\n\n\n\n<h2 class=\"wp-block-heading\">Contribution de Joseph Payen<\/h2>\n\n\n\n<p>            Fragile<\/p>\n\n\n\n<p>Comme est fragile un nouveau n\u00e9,<br>Qui ne sait pas m\u00eame marcher.<br>Pour lui tout doit \u00eatre donn\u00e9,<br>Sans quoi sa vie se fanerait.<\/p>\n\n\n\n<p>Comme est fragile un vrai bonheur,<br>Un de ceux qui tiennent au c\u0153ur,<br>On doit pour lui heure apr\u00e8s heure<br>Accepter de nouvelles fleurs.<\/p>\n\n\n\n<p>Cette fragilit\u00e9, pr\u00e9cieuse,<br>Sait se faire chercher, co\u00fbteuse,<br>Mais donn\u00e9e elle est un tr\u00e9sor.<\/p>\n\n\n\n<p>Si donc en avant elle est mise,<br>Et debout jamais ne se brise,<br>Ensemble elle nous rend plus forts.<\/p>\n\n\n\n<p><\/p>\n\n\n\n<h2 class=\"wp-block-heading\">Contribution d\u2019Adrien Gonnot<\/h2>\n\n\n\n<figure class=\"wp-block-image size-large is-resized\"><img loading=\"lazy\" decoding=\"async\" src=\"http:\/\/www.printempsdesfragilites.com\/wp-content\/uploads\/2023\/06\/IMG_5271-768x1024.jpg\" alt=\"\" class=\"wp-image-4190\" width=\"628\" height=\"837\" srcset=\"https:\/\/www.printempsdesfragilites.com\/wp-content\/uploads\/2023\/06\/IMG_5271-768x1024.jpg 768w, https:\/\/www.printempsdesfragilites.com\/wp-content\/uploads\/2023\/06\/IMG_5271-225x300.jpg 225w, https:\/\/www.printempsdesfragilites.com\/wp-content\/uploads\/2023\/06\/IMG_5271-1152x1536.jpg 1152w, https:\/\/www.printempsdesfragilites.com\/wp-content\/uploads\/2023\/06\/IMG_5271-rotated.jpg 1512w\" sizes=\"auto, (max-width: 628px) 100vw, 628px\" \/><\/figure>\n\n\n\n<p><\/p>\n\n\n\n<h2 class=\"wp-block-heading\">Contribution de Simon<\/h2>\n\n\n\n<p>Simon, jeune slameur, pr\u00e9sentera son \u0153uvre sur la sc\u00e8ne du <a href=\"http:\/\/www.printempsdesfragilites.com\/index.php\/les-evenements-du-10-juin\/\"><mark style=\"background-color:rgba(0, 0, 0, 0)\" class=\"has-inline-color has-vivid-cyan-blue-color\">Village des Fragilit\u00e9s<\/mark><\/a> vers 17h.<\/p>\n\n\n\n<p><\/p>\n\n\n\n<h2 class=\"wp-block-heading\">Contribution de Caroline : &#8220;Ma force est ma fragilit\u00e9&#8221;<\/h2>\n\n\n\n<figure class=\"wp-block-image size-large is-resized\"><img loading=\"lazy\" decoding=\"async\" src=\"http:\/\/www.printempsdesfragilites.com\/wp-content\/uploads\/2023\/06\/Photo-de-Caroline-768x1024.jpg\" alt=\"\" class=\"wp-image-4156\" width=\"554\" height=\"739\" srcset=\"https:\/\/www.printempsdesfragilites.com\/wp-content\/uploads\/2023\/06\/Photo-de-Caroline-768x1024.jpg 768w, https:\/\/www.printempsdesfragilites.com\/wp-content\/uploads\/2023\/06\/Photo-de-Caroline-225x300.jpg 225w, https:\/\/www.printempsdesfragilites.com\/wp-content\/uploads\/2023\/06\/Photo-de-Caroline-1152x1536.jpg 1152w, https:\/\/www.printempsdesfragilites.com\/wp-content\/uploads\/2023\/06\/Photo-de-Caroline.jpg 1200w\" sizes=\"auto, (max-width: 554px) 100vw, 554px\" \/><figcaption class=\"wp-element-caption\">A travers cette photo, on peut voir la fragilit\u00e9 face aux impr\u00e9vus de la vie<\/figcaption><\/figure>\n\n\n\n<p><\/p>\n\n\n\n<h2 class=\"wp-block-heading\">Contribution de l&#8217;IME Ar Mor de Nantes<\/h2>\n\n\n\n<figure class=\"wp-block-image size-large is-resized\"><img loading=\"lazy\" decoding=\"async\" src=\"http:\/\/www.printempsdesfragilites.com\/wp-content\/uploads\/2023\/06\/IME-Ar-Mor-1024x498.jpg\" alt=\"\" class=\"wp-image-4159\" width=\"782\" height=\"380\" srcset=\"https:\/\/www.printempsdesfragilites.com\/wp-content\/uploads\/2023\/06\/IME-Ar-Mor-1024x498.jpg 1024w, https:\/\/www.printempsdesfragilites.com\/wp-content\/uploads\/2023\/06\/IME-Ar-Mor-300x146.jpg 300w, https:\/\/www.printempsdesfragilites.com\/wp-content\/uploads\/2023\/06\/IME-Ar-Mor-768x373.jpg 768w, https:\/\/www.printempsdesfragilites.com\/wp-content\/uploads\/2023\/06\/IME-Ar-Mor-1536x746.jpg 1536w, https:\/\/www.printempsdesfragilites.com\/wp-content\/uploads\/2023\/06\/IME-Ar-Mor.jpg 1599w\" sizes=\"auto, (max-width: 782px) 100vw, 782px\" \/><\/figure>\n\n\n\n<p><\/p>\n\n\n\n<h2 class=\"wp-block-heading\">Contributions des \u00e9l\u00e8ves de 2<sup>nde<\/sup> Arts graphiques de la Joliverie<\/h2>\n\n\n\n<figure class=\"wp-block-image size-large\"><img loading=\"lazy\" decoding=\"async\" width=\"1024\" height=\"576\" src=\"http:\/\/www.printempsdesfragilites.com\/wp-content\/uploads\/2023\/06\/Joliverie-2-1024x576.jpg\" alt=\"\" class=\"wp-image-4164\" srcset=\"https:\/\/www.printempsdesfragilites.com\/wp-content\/uploads\/2023\/06\/Joliverie-2-1024x576.jpg 1024w, https:\/\/www.printempsdesfragilites.com\/wp-content\/uploads\/2023\/06\/Joliverie-2-300x169.jpg 300w, https:\/\/www.printempsdesfragilites.com\/wp-content\/uploads\/2023\/06\/Joliverie-2-768x432.jpg 768w, https:\/\/www.printempsdesfragilites.com\/wp-content\/uploads\/2023\/06\/Joliverie-2.jpg 1280w\" sizes=\"auto, (max-width: 1024px) 100vw, 1024px\" \/><\/figure>\n\n\n\n<p><\/p>\n\n\n\n<h2 class=\"wp-block-heading\">Contribution de Christophe LE SEYEC<\/h2>\n\n\n\n<p>UN PRINTEMPS DES FRAGILIT\u00c9S<br>AU MONDE DE PERFORMANCE<br>POUR RENA\u00ceTRE EN HUMANIT\u00c9<br>ACCUEILLONS NOS DIFF\u00c9RENCES<br><br>Pour r\u00e9veiller les c\u0153urs<br>Ayons l\u2019humain en richesse<br>Seul tr\u00e9sors pour le bonheur<br>Quelle que soit notre faiblesse<br>Tissons des liens solidaires<br>Pour vivre une fraternit\u00e9<br>Contre l\u2019exclusion, la mis\u00e8re<br>Rendons \u00e0 l\u2019homme sa dignit\u00e9<br><br>Que nos murs, nos pr\u00e9jug\u00e9s<br>S\u2019\u00e9croulent dans nos t\u00eates<br>Pour se laisser d\u00e9ranger<br>Loin des pens\u00e9es toutes faites<br>Aux rencontres des diversit\u00e9s<br>Dans l\u2019arc en ciel des visages<br>Avec un amour, une sensibilit\u00e9<br>Ou l\u2019autre devient rivage<br><br>Notre terre devient ce village<br>O\u00f9 chacun prend sa place<br>O\u00f9 la force et le courage<br>Se transforment en audace<br>Ensemble acteurs d\u2019avenir<br>Pour vivre sans fronti\u00e8res<br>Une esp\u00e9rance peut fleurir<br>Pour des \u00eatres \u00e0 part enti\u00e8re<\/p>\n","protected":false},"excerpt":{"rendered":"<p>Le festival invite les&nbsp;Jeunes Talents (enfants,&nbsp;adolescents, jeunes adultes&#8230; et moins jeunes)&nbsp;\u00e0 questionner, de mani\u00e8re individuelle ou collective, la (les) fragilit\u00e9(s) dans notre soci\u00e9t\u00e9.&nbsp;Pour les entendre, les \u00e9couter, les voir s\u2019exprimer par une cr\u00e9ation artistique de leur choix : dessin, sculpture, photo, vid\u00e9o, clip, rap, po\u00e9sie, slam, musique, chant&#8230; Un stand d&#8217;exposition et une c\u00e9r\u00e9monie sur [&hellip;]<\/p>\n","protected":false},"author":4,"featured_media":0,"parent":0,"menu_order":0,"comment_status":"closed","ping_status":"closed","template":"","meta":{"footnotes":""},"class_list":["post-4071","page","type-page","status-publish","hentry"],"_links":{"self":[{"href":"https:\/\/www.printempsdesfragilites.com\/index.php\/wp-json\/wp\/v2\/pages\/4071","targetHints":{"allow":["GET"]}}],"collection":[{"href":"https:\/\/www.printempsdesfragilites.com\/index.php\/wp-json\/wp\/v2\/pages"}],"about":[{"href":"https:\/\/www.printempsdesfragilites.com\/index.php\/wp-json\/wp\/v2\/types\/page"}],"author":[{"embeddable":true,"href":"https:\/\/www.printempsdesfragilites.com\/index.php\/wp-json\/wp\/v2\/users\/4"}],"replies":[{"embeddable":true,"href":"https:\/\/www.printempsdesfragilites.com\/index.php\/wp-json\/wp\/v2\/comments?post=4071"}],"version-history":[{"count":17,"href":"https:\/\/www.printempsdesfragilites.com\/index.php\/wp-json\/wp\/v2\/pages\/4071\/revisions"}],"predecessor-version":[{"id":4267,"href":"https:\/\/www.printempsdesfragilites.com\/index.php\/wp-json\/wp\/v2\/pages\/4071\/revisions\/4267"}],"wp:attachment":[{"href":"https:\/\/www.printempsdesfragilites.com\/index.php\/wp-json\/wp\/v2\/media?parent=4071"}],"curies":[{"name":"wp","href":"https:\/\/api.w.org\/{rel}","templated":true}]}}