{"id":4207,"date":"2023-06-25T09:26:10","date_gmt":"2023-06-25T07:26:10","guid":{"rendered":"http:\/\/www.printempsdesfragilites.com\/?page_id=4207"},"modified":"2024-07-07T10:14:04","modified_gmt":"2024-07-07T08:14:04","slug":"remerciements","status":"publish","type":"page","link":"https:\/\/www.printempsdesfragilites.com\/index.php\/remerciements\/","title":{"rendered":"Remerciements"},"content":{"rendered":"\n<p>Le Printemps des Fragilit\u00e9s 2023 s&#8217;est conclu le 10 juin par le Village des Fragilit\u00e9s. Le collectif tient \u00e0 remercier toutes les personnes qui ont rendu cette manifestation possible.<\/p>\n\n\n\n<figure class=\"wp-block-embed is-type-video is-provider-youtube wp-block-embed-youtube wp-embed-aspect-16-9 wp-has-aspect-ratio\"><div class=\"wp-block-embed__wrapper\">\n<iframe loading=\"lazy\" title=\"Printemps des Fragilit\u00e9s, \u00e9dition 2 : remerciements !\" width=\"500\" height=\"281\" src=\"https:\/\/www.youtube.com\/embed\/rxCBGHBrsro?feature=oembed\" frameborder=\"0\" allow=\"accelerometer; autoplay; clipboard-write; encrypted-media; gyroscope; picture-in-picture; web-share\" referrerpolicy=\"strict-origin-when-cross-origin\" allowfullscreen><\/iframe>\n<\/div><\/figure>\n\n\n\n<p><\/p>\n\n\n\n<figure class=\"wp-block-embed is-type-video is-provider-youtube wp-block-embed-youtube wp-embed-aspect-16-9 wp-has-aspect-ratio\"><div class=\"wp-block-embed__wrapper\">\n<iframe loading=\"lazy\" title=\"Interview de Domnique A, parrain du festival du Printemps des Fragilit\u00e9s\" width=\"500\" height=\"281\" src=\"https:\/\/www.youtube.com\/embed\/g6UgCD7NAI0?start=2&#038;feature=oembed\" frameborder=\"0\" allow=\"accelerometer; autoplay; clipboard-write; encrypted-media; gyroscope; picture-in-picture; web-share\" referrerpolicy=\"strict-origin-when-cross-origin\" allowfullscreen><\/iframe>\n<\/div><\/figure>\n\n\n\n<div style=\"height:31px\" aria-hidden=\"true\" class=\"wp-block-spacer\"><\/div>\n\n\n\n<h1 class=\"wp-block-heading\">Le Village des Fragilit\u00e9s 2023<\/h1>\n\n\n\n<h3 class=\"wp-block-heading\">La fresque de l&#8217;humanit\u00e9, ouvrage collaboratif<\/h3>\n\n\n\n<p><code><div class=\"rl-gallery-container rl-loading\" id=\"rl-gallery-container-1\" data-gallery_id=\"4215\"> <div class=\"rl-gallery rl-basicgrid-gallery rl-hover-icon-10\" id=\"rl-gallery-1\" data-gallery_no=\"1\"> <div class=\"rl-gallery-item\"><a href=\"https:\/\/www.printempsdesfragilites.com\/wp-content\/uploads\/2023\/06\/Fresque1.jpeg\" title=\"Fresque1\" data-rl_title=\"Fresque1\" class=\"rl-gallery-link\" data-rl_caption=\"\" data-rel=\"lightbox-gallery-1\"><img loading=\"lazy\" decoding=\"async\" src=\"https:\/\/www.printempsdesfragilites.com\/wp-content\/uploads\/2023\/06\/Fresque1-300x300.jpeg\" width=\"300\" height=\"300\" alt=\"\"\/><\/a><\/div><div class=\"rl-gallery-item\"><a href=\"https:\/\/www.printempsdesfragilites.com\/wp-content\/uploads\/2023\/06\/Fresque2.jpeg\" title=\"Fresque2\" data-rl_title=\"Fresque2\" class=\"rl-gallery-link\" data-rl_caption=\"\" data-rel=\"lightbox-gallery-1\"><img loading=\"lazy\" decoding=\"async\" src=\"https:\/\/www.printempsdesfragilites.com\/wp-content\/uploads\/2023\/06\/Fresque2-300x300.jpeg\" width=\"300\" height=\"300\" alt=\"\"\/><\/a><\/div><div class=\"rl-gallery-item\"><a href=\"https:\/\/www.printempsdesfragilites.com\/wp-content\/uploads\/2023\/06\/Fresque3.jpeg\" title=\"Fresque3\" data-rl_title=\"Fresque3\" class=\"rl-gallery-link\" data-rl_caption=\"\" data-rel=\"lightbox-gallery-1\"><img loading=\"lazy\" decoding=\"async\" src=\"https:\/\/www.printempsdesfragilites.com\/wp-content\/uploads\/2023\/06\/Fresque3-300x300.jpeg\" width=\"300\" height=\"300\" alt=\"\"\/><\/a><\/div><div class=\"rl-gallery-item\"><a href=\"https:\/\/www.printempsdesfragilites.com\/wp-content\/uploads\/2023\/06\/Fresque4.jpeg\" title=\"Fresque4\" data-rl_title=\"Fresque4\" class=\"rl-gallery-link\" data-rl_caption=\"\" data-rel=\"lightbox-gallery-1\"><img loading=\"lazy\" decoding=\"async\" src=\"https:\/\/www.printempsdesfragilites.com\/wp-content\/uploads\/2023\/06\/Fresque4-300x300.jpeg\" width=\"300\" height=\"300\" alt=\"\"\/><\/a><\/div><div class=\"rl-gallery-item\"><a href=\"https:\/\/www.printempsdesfragilites.com\/wp-content\/uploads\/2023\/06\/Fresque_contributeurs-rotated.jpeg\" title=\"Fresque_contributeurs\" data-rl_title=\"Fresque_contributeurs\" class=\"rl-gallery-link\" data-rl_caption=\"\" data-rel=\"lightbox-gallery-1\"><img loading=\"lazy\" decoding=\"async\" src=\"https:\/\/www.printempsdesfragilites.com\/wp-content\/uploads\/2023\/06\/Fresque_contributeurs-225x300.jpeg\" width=\"225\" height=\"300\" alt=\"\"\/><\/a><\/div><div class=\"rl-gallery-item\"><a href=\"https:\/\/www.printempsdesfragilites.com\/wp-content\/uploads\/2023\/06\/Fresque_ensemble.jpeg\" title=\"Fresque_ensemble\" data-rl_title=\"Fresque_ensemble\" class=\"rl-gallery-link\" data-rl_caption=\"\" data-rel=\"lightbox-gallery-1\"><img loading=\"lazy\" decoding=\"async\" src=\"https:\/\/www.printempsdesfragilites.com\/wp-content\/uploads\/2023\/06\/Fresque_ensemble-300x225.jpeg\" width=\"300\" height=\"225\" alt=\"\"\/><\/a><\/div><div class=\"rl-gallery-item\"><a href=\"https:\/\/www.printempsdesfragilites.com\/wp-content\/uploads\/2023\/06\/Fresque_animatrices-rotated.jpeg\" title=\"Fresque_animatrices\" data-rl_title=\"Fresque_animatrices\" class=\"rl-gallery-link\" data-rl_caption=\"\" data-rel=\"lightbox-gallery-1\"><img loading=\"lazy\" decoding=\"async\" src=\"https:\/\/www.printempsdesfragilites.com\/wp-content\/uploads\/2023\/06\/Fresque_animatrices-225x300.jpeg\" width=\"225\" height=\"300\" alt=\"\"\/><\/a><\/div> <\/div> <\/div><\/code><\/p>\n\n\n\n<div style=\"height:31px\" aria-hidden=\"true\" class=\"wp-block-spacer\"><\/div>\n\n\n\n<h3 class=\"wp-block-heading\">Images du Village des Fragilit\u00e9s<\/h3>\n\n\n\n<figure class=\"wp-block-embed is-type-video is-provider-youtube wp-block-embed-youtube wp-embed-aspect-16-9 wp-has-aspect-ratio\"><div class=\"wp-block-embed__wrapper\">\n<iframe loading=\"lazy\" title=\"Images du Village des Fragilit\u00e9s 2023\" width=\"500\" height=\"281\" src=\"https:\/\/www.youtube.com\/embed\/xmLcDkk32c4?feature=oembed\" frameborder=\"0\" allow=\"accelerometer; autoplay; clipboard-write; encrypted-media; gyroscope; picture-in-picture; web-share\" referrerpolicy=\"strict-origin-when-cross-origin\" allowfullscreen><\/iframe>\n<\/div><\/figure>\n\n\n\n<p><code><div class=\"rl-gallery-container rl-loading\" id=\"rl-gallery-container-2\" data-gallery_id=\"4243\"> <div class=\"rl-gallery rl-basicmasonry-gallery rl-hover-icon-10\" id=\"rl-gallery-2\" data-gallery_no=\"2\"> <div class=\"rl-gutter-sizer\"><\/div><div class=\"rl-grid-sizer\"><\/div> <div class=\"rl-gallery-item rl-gallery-item-width-4\" > <div class=\"rl-gallery-item-content\"> <a href=\"https:\/\/www.printempsdesfragilites.com\/wp-content\/uploads\/2023\/06\/Balikou_APF-1.jpg\" title=\"Balikou_APF (1)\" data-rl_title=\"Balikou_APF (1)\" class=\"rl-gallery-link\" data-rl_caption=\"\" data-rel=\"norl\"><img loading=\"lazy\" decoding=\"async\" src=\"https:\/\/www.printempsdesfragilites.com\/wp-content\/uploads\/2023\/06\/Balikou_APF-1-300x200.jpg\" width=\"300\" height=\"200\" alt=\"\"\/><\/a> <\/div> <\/div> <div class=\"rl-gallery-item\" > <div class=\"rl-gallery-item-content\"> <a href=\"https:\/\/www.printempsdesfragilites.com\/wp-content\/uploads\/2023\/06\/ACO.jpg\" title=\"ACO\" data-rl_title=\"ACO\" class=\"rl-gallery-link\" data-rl_caption=\"\" data-rel=\"norl\"><img loading=\"lazy\" decoding=\"async\" src=\"https:\/\/www.printempsdesfragilites.com\/wp-content\/uploads\/2023\/06\/ACO-300x146.jpg\" width=\"300\" height=\"146\" alt=\"\"\/><\/a> <\/div> <\/div> <div class=\"rl-gallery-item\" > <div class=\"rl-gallery-item-content\"> <a href=\"https:\/\/www.printempsdesfragilites.com\/wp-content\/uploads\/2023\/06\/Public-2.jpg\" title=\"Public (2)\" data-rl_title=\"Public (2)\" class=\"rl-gallery-link\" data-rl_caption=\"\" data-rel=\"norl\"><img loading=\"lazy\" decoding=\"async\" src=\"https:\/\/www.printempsdesfragilites.com\/wp-content\/uploads\/2023\/06\/Public-2-300x200.jpg\" width=\"300\" height=\"200\" alt=\"\"\/><\/a> <\/div> <\/div> <div class=\"rl-gallery-item\" > <div class=\"rl-gallery-item-content\"> <a href=\"https:\/\/www.printempsdesfragilites.com\/wp-content\/uploads\/2023\/06\/Temoins-3.png\" title=\"T\u00e9moins (3)\" data-rl_title=\"T\u00e9moins (3)\" class=\"rl-gallery-link\" data-rl_caption=\"\" data-rel=\"norl\"><img loading=\"lazy\" decoding=\"async\" src=\"https:\/\/www.printempsdesfragilites.com\/wp-content\/uploads\/2023\/06\/Temoins-3-300x166.png\" width=\"300\" height=\"166\" alt=\"\"\/><\/a> <\/div> <\/div> <div class=\"rl-gallery-item\" > <div class=\"rl-gallery-item-content\"> <a href=\"https:\/\/www.printempsdesfragilites.com\/wp-content\/uploads\/2023\/06\/Clair-de-la-rue-4.jpg\" title=\"Clair de la rue (4)\" data-rl_title=\"Clair de la rue (4)\" class=\"rl-gallery-link\" data-rl_caption=\"\" data-rel=\"norl\"><img loading=\"lazy\" decoding=\"async\" src=\"https:\/\/www.printempsdesfragilites.com\/wp-content\/uploads\/2023\/06\/Clair-de-la-rue-4-300x188.jpg\" width=\"300\" height=\"188\" alt=\"\"\/><\/a> <\/div> <\/div> <div class=\"rl-gallery-item\" > <div class=\"rl-gallery-item-content\"> <a href=\"https:\/\/www.printempsdesfragilites.com\/wp-content\/uploads\/2023\/06\/Temoins-1.jpg\" title=\"T\u00e9moins (1)\" data-rl_title=\"T\u00e9moins (1)\" class=\"rl-gallery-link\" data-rl_caption=\"\" data-rel=\"norl\"><img loading=\"lazy\" decoding=\"async\" src=\"https:\/\/www.printempsdesfragilites.com\/wp-content\/uploads\/2023\/06\/Temoins-1-300x200.jpg\" width=\"300\" height=\"200\" alt=\"\"\/><\/a> <\/div> <\/div> <div class=\"rl-gallery-item\" > <div class=\"rl-gallery-item-content\"> <a href=\"https:\/\/www.printempsdesfragilites.com\/wp-content\/uploads\/2023\/06\/IMG-20230611-WA0000.jpg\" title=\"IMG-20230611-WA0000\" data-rl_title=\"IMG-20230611-WA0000\" class=\"rl-gallery-link\" data-rl_caption=\"\" data-rel=\"norl\"><img loading=\"lazy\" decoding=\"async\" src=\"https:\/\/www.printempsdesfragilites.com\/wp-content\/uploads\/2023\/06\/IMG-20230611-WA0000-300x225.jpg\" width=\"300\" height=\"225\" alt=\"\"\/><\/a> <\/div> <\/div> <div class=\"rl-gallery-item\" > <div class=\"rl-gallery-item-content\"> <a href=\"https:\/\/www.printempsdesfragilites.com\/wp-content\/uploads\/2023\/06\/Arche-8.jpg\" title=\"Arche (8)\" data-rl_title=\"Arche (8)\" class=\"rl-gallery-link\" data-rl_caption=\"\" data-rel=\"norl\"><img loading=\"lazy\" decoding=\"async\" src=\"https:\/\/www.printempsdesfragilites.com\/wp-content\/uploads\/2023\/06\/Arche-8-300x200.jpg\" width=\"300\" height=\"200\" alt=\"\"\/><\/a> <\/div> <\/div> <div class=\"rl-gallery-item\" > <div class=\"rl-gallery-item-content\"> <a href=\"https:\/\/www.printempsdesfragilites.com\/wp-content\/uploads\/2023\/06\/Mime-1.jpg\" title=\"Mime (1)\" data-rl_title=\"Mime (1)\" class=\"rl-gallery-link\" data-rl_caption=\"\" data-rel=\"norl\"><img loading=\"lazy\" decoding=\"async\" src=\"https:\/\/www.printempsdesfragilites.com\/wp-content\/uploads\/2023\/06\/Mime-1-300x200.jpg\" width=\"300\" height=\"200\" alt=\"\"\/><\/a> <\/div> <\/div> <div class=\"rl-gallery-item\" > <div class=\"rl-gallery-item-content\"> <a href=\"https:\/\/www.printempsdesfragilites.com\/wp-content\/uploads\/2023\/06\/Batisseurs-desperance-9.jpg\" title=\"B\u00e2tisseurs d&#8217;esp\u00e9rance (9)\" data-rl_title=\"B\u00e2tisseurs d&#8217;esp\u00e9rance (9)\" class=\"rl-gallery-link\" data-rl_caption=\"\" data-rel=\"norl\"><img loading=\"lazy\" decoding=\"async\" src=\"https:\/\/www.printempsdesfragilites.com\/wp-content\/uploads\/2023\/06\/Batisseurs-desperance-9-300x200.jpg\" width=\"300\" height=\"200\" alt=\"\"\/><\/a> <\/div> <\/div> <div class=\"rl-gallery-item\" > <div class=\"rl-gallery-item-content\"> <a href=\"https:\/\/www.printempsdesfragilites.com\/wp-content\/uploads\/2023\/06\/Mime-3.jpg\" title=\"Mime (3)\" data-rl_title=\"Mime (3)\" class=\"rl-gallery-link\" data-rl_caption=\"\" data-rel=\"norl\"><img loading=\"lazy\" decoding=\"async\" src=\"https:\/\/www.printempsdesfragilites.com\/wp-content\/uploads\/2023\/06\/Mime-3-300x200.jpg\" width=\"300\" height=\"200\" alt=\"\"\/><\/a> <\/div> <\/div> <div class=\"rl-gallery-item\" > <div class=\"rl-gallery-item-content\"> <a href=\"https:\/\/www.printempsdesfragilites.com\/wp-content\/uploads\/2023\/06\/Batisseurs-desperance-7.jpg\" title=\"B\u00e2tisseurs d&#8217;esp\u00e9rance (7)\" data-rl_title=\"B\u00e2tisseurs d&#8217;esp\u00e9rance (7)\" class=\"rl-gallery-link\" data-rl_caption=\"\" data-rel=\"norl\"><img loading=\"lazy\" decoding=\"async\" src=\"https:\/\/www.printempsdesfragilites.com\/wp-content\/uploads\/2023\/06\/Batisseurs-desperance-7-300x200.jpg\" width=\"300\" height=\"200\" alt=\"\"\/><\/a> <\/div> <\/div> <div class=\"rl-gallery-item\" > <div class=\"rl-gallery-item-content\"> <a href=\"https:\/\/www.printempsdesfragilites.com\/wp-content\/uploads\/2023\/06\/Urban-Voices-6-scaled.jpg\" title=\"\" data-rl_title=\"\" class=\"rl-gallery-link\" data-rl_caption=\"Cr\u00e9dits photos : Camille Gautier - Cit\u00e9 Monde - Urban Voices Nantes\" data-rel=\"norl\"><img loading=\"lazy\" decoding=\"async\" src=\"https:\/\/www.printempsdesfragilites.com\/wp-content\/uploads\/2023\/06\/Urban-Voices-6-300x200.jpg\" width=\"300\" height=\"200\" alt=\"\"\/><span class=\"rl-gallery-caption\"><span class=\"rl-gallery-item-caption\">Cr\u00e9dits photos : Camille Gautier - Cit\u00e9 Monde - Urban Voices Nantes<\/span><\/span><\/a> <\/div> <\/div> <div class=\"rl-gallery-item\" > <div class=\"rl-gallery-item-content\"> <a href=\"https:\/\/www.printempsdesfragilites.com\/wp-content\/uploads\/2023\/06\/Clair-de-la-rue-11.jpg\" title=\"Clair de la rue (11)\" data-rl_title=\"Clair de la rue (11)\" class=\"rl-gallery-link\" data-rl_caption=\"\" data-rel=\"norl\"><img loading=\"lazy\" decoding=\"async\" src=\"https:\/\/www.printempsdesfragilites.com\/wp-content\/uploads\/2023\/06\/Clair-de-la-rue-11-300x194.jpg\" width=\"300\" height=\"194\" alt=\"\"\/><\/a> <\/div> <\/div> <div class=\"rl-gallery-item\" > <div class=\"rl-gallery-item-content\"> <a href=\"https:\/\/www.printempsdesfragilites.com\/wp-content\/uploads\/2023\/06\/Arche-6.jpg\" title=\"Arche (6)\" data-rl_title=\"Arche (6)\" class=\"rl-gallery-link\" data-rl_caption=\"\" data-rel=\"norl\"><img loading=\"lazy\" decoding=\"async\" src=\"https:\/\/www.printempsdesfragilites.com\/wp-content\/uploads\/2023\/06\/Arche-6-300x200.jpg\" width=\"300\" height=\"200\" alt=\"\"\/><\/a> <\/div> <\/div> <div class=\"rl-gallery-item\" > <div class=\"rl-gallery-item-content\"> <a href=\"https:\/\/www.printempsdesfragilites.com\/wp-content\/uploads\/2023\/06\/Balikou_APF-6.jpg\" title=\"Balikou_APF (6)\" data-rl_title=\"Balikou_APF (6)\" class=\"rl-gallery-link\" data-rl_caption=\"\" data-rel=\"norl\"><img loading=\"lazy\" decoding=\"async\" src=\"https:\/\/www.printempsdesfragilites.com\/wp-content\/uploads\/2023\/06\/Balikou_APF-6-209x300.jpg\" width=\"209\" height=\"300\" alt=\"\"\/><\/a> <\/div> <\/div> <div class=\"rl-gallery-item\" > <div class=\"rl-gallery-item-content\"> <a href=\"https:\/\/www.printempsdesfragilites.com\/wp-content\/uploads\/2023\/06\/Arche-2.jpg\" title=\"Arche (2)\" data-rl_title=\"Arche (2)\" class=\"rl-gallery-link\" data-rl_caption=\"\" data-rel=\"norl\"><img loading=\"lazy\" decoding=\"async\" src=\"https:\/\/www.printempsdesfragilites.com\/wp-content\/uploads\/2023\/06\/Arche-2-300x200.jpg\" width=\"300\" height=\"200\" alt=\"\"\/><\/a> <\/div> <\/div> <div class=\"rl-gallery-item\" > <div class=\"rl-gallery-item-content\"> <a href=\"https:\/\/www.printempsdesfragilites.com\/wp-content\/uploads\/2023\/06\/Balikou_APF-3.jpg\" title=\"Balikou_APF (3)\" data-rl_title=\"Balikou_APF (3)\" class=\"rl-gallery-link\" data-rl_caption=\"\" data-rel=\"norl\"><img loading=\"lazy\" decoding=\"async\" src=\"https:\/\/www.printempsdesfragilites.com\/wp-content\/uploads\/2023\/06\/Balikou_APF-3-300x200.jpg\" width=\"300\" height=\"200\" alt=\"\"\/><\/a> <\/div> <\/div> <div class=\"rl-gallery-item\" > <div class=\"rl-gallery-item-content\"> <a href=\"https:\/\/www.printempsdesfragilites.com\/wp-content\/uploads\/2023\/06\/Urban-Voices-1-scaled.jpg\" title=\"\" data-rl_title=\"\" class=\"rl-gallery-link\" data-rl_caption=\"Cr\u00e9dits photos : Camille Gautier - Cit\u00e9 Monde - Urban Voices Nantes\" data-rel=\"norl\"><img loading=\"lazy\" decoding=\"async\" src=\"https:\/\/www.printempsdesfragilites.com\/wp-content\/uploads\/2023\/06\/Urban-Voices-1-300x200.jpg\" width=\"300\" height=\"200\" alt=\"\"\/><span class=\"rl-gallery-caption\"><span class=\"rl-gallery-item-caption\">Cr\u00e9dits photos : Camille Gautier - Cit\u00e9 Monde - Urban Voices Nantes<\/span><\/span><\/a> <\/div> <\/div> <div class=\"rl-gallery-item\" > <div class=\"rl-gallery-item-content\"> <a href=\"https:\/\/www.printempsdesfragilites.com\/wp-content\/uploads\/2023\/06\/Batisseurs-desperance-2.jpg\" title=\"B\u00e2tisseurs d&#8217;esp\u00e9rance (2)\" data-rl_title=\"B\u00e2tisseurs d&#8217;esp\u00e9rance (2)\" class=\"rl-gallery-link\" data-rl_caption=\"\" data-rel=\"norl\"><img loading=\"lazy\" decoding=\"async\" src=\"https:\/\/www.printempsdesfragilites.com\/wp-content\/uploads\/2023\/06\/Batisseurs-desperance-2-200x300.jpg\" width=\"200\" height=\"300\" alt=\"\"\/><\/a> <\/div> <\/div> <div class=\"rl-gallery-item\" > <div class=\"rl-gallery-item-content\"> <a href=\"https:\/\/www.printempsdesfragilites.com\/wp-content\/uploads\/2023\/06\/Urban-Voices-5-scaled.jpg\" title=\"\" data-rl_title=\"\" class=\"rl-gallery-link\" data-rl_caption=\"Cr\u00e9dits photos : Camille Gautier - Cit\u00e9 Monde - Urban Voices Nantes\" data-rel=\"norl\"><img loading=\"lazy\" decoding=\"async\" src=\"https:\/\/www.printempsdesfragilites.com\/wp-content\/uploads\/2023\/06\/Urban-Voices-5-300x200.jpg\" width=\"300\" height=\"200\" alt=\"\"\/><span class=\"rl-gallery-caption\"><span class=\"rl-gallery-item-caption\">Cr\u00e9dits photos : Camille Gautier - Cit\u00e9 Monde - Urban Voices Nantes<\/span><\/span><\/a> <\/div> <\/div> <div class=\"rl-gallery-item\" > <div class=\"rl-gallery-item-content\"> <a href=\"https:\/\/www.printempsdesfragilites.com\/wp-content\/uploads\/2023\/06\/Clair-de-la-rue-7.jpg\" title=\"Clair de la rue (7)\" data-rl_title=\"Clair de la rue (7)\" class=\"rl-gallery-link\" data-rl_caption=\"\" data-rel=\"norl\"><img loading=\"lazy\" decoding=\"async\" src=\"https:\/\/www.printempsdesfragilites.com\/wp-content\/uploads\/2023\/06\/Clair-de-la-rue-7-300x200.jpg\" width=\"300\" height=\"200\" alt=\"\"\/><\/a> <\/div> <\/div> <div class=\"rl-gallery-item\" > <div class=\"rl-gallery-item-content\"> <a href=\"https:\/\/www.printempsdesfragilites.com\/wp-content\/uploads\/2023\/06\/A-Table.jpg\" title=\"A Table\" data-rl_title=\"A Table\" class=\"rl-gallery-link\" data-rl_caption=\"\" data-rel=\"norl\"><img loading=\"lazy\" decoding=\"async\" src=\"https:\/\/www.printempsdesfragilites.com\/wp-content\/uploads\/2023\/06\/A-Table-300x146.jpg\" width=\"300\" height=\"146\" alt=\"\"\/><\/a> <\/div> <\/div> <\/div> <\/div><\/code><\/p>\n\n\n\n<div style=\"height:31px\" aria-hidden=\"true\" class=\"wp-block-spacer\"><\/div>\n\n\n\n<h3 class=\"wp-block-heading\">Le match de foot-tango<\/h3>\n\n\n\n<p><code><div class=\"rl-gallery-container rl-loading\" id=\"rl-gallery-container-3\" data-gallery_id=\"4256\"> <div class=\"rl-gallery rl-basicmasonry-gallery rl-hover-icon-10\" id=\"rl-gallery-3\" data-gallery_no=\"3\"> <div class=\"rl-gutter-sizer\"><\/div><div class=\"rl-grid-sizer\"><\/div> <div class=\"rl-gallery-item rl-gallery-item-width-4\" > <div class=\"rl-gallery-item-content\"> <a href=\"https:\/\/www.printempsdesfragilites.com\/wp-content\/uploads\/2023\/06\/Foot-Tango-14.jpg\" title=\"Foot Tango (14)\" data-rl_title=\"Foot Tango (14)\" class=\"rl-gallery-link\" data-rl_caption=\"\" data-rel=\"norl\"><img loading=\"lazy\" decoding=\"async\" src=\"https:\/\/www.printempsdesfragilites.com\/wp-content\/uploads\/2023\/06\/Foot-Tango-14-225x300.jpg\" width=\"225\" height=\"300\" alt=\"\"\/><\/a> <\/div> <\/div> <div class=\"rl-gallery-item\" > <div class=\"rl-gallery-item-content\"> <a href=\"https:\/\/www.printempsdesfragilites.com\/wp-content\/uploads\/2023\/06\/Foot-Tango-13.jpg\" title=\"Foot Tango (13)\" data-rl_title=\"Foot Tango (13)\" class=\"rl-gallery-link\" data-rl_caption=\"\" data-rel=\"norl\"><img loading=\"lazy\" decoding=\"async\" src=\"https:\/\/www.printempsdesfragilites.com\/wp-content\/uploads\/2023\/06\/Foot-Tango-13-225x300.jpg\" width=\"225\" height=\"300\" alt=\"\"\/><\/a> <\/div> <\/div> <div class=\"rl-gallery-item\" > <div class=\"rl-gallery-item-content\"> <a href=\"https:\/\/www.printempsdesfragilites.com\/wp-content\/uploads\/2023\/06\/Foot-Tango-32.jpg\" title=\"Foot Tango (32)\" data-rl_title=\"Foot Tango (32)\" class=\"rl-gallery-link\" data-rl_caption=\"\" data-rel=\"norl\"><img loading=\"lazy\" decoding=\"async\" src=\"https:\/\/www.printempsdesfragilites.com\/wp-content\/uploads\/2023\/06\/Foot-Tango-32-300x225.jpg\" width=\"300\" height=\"225\" alt=\"\"\/><\/a> <\/div> <\/div> <div class=\"rl-gallery-item\" > <div class=\"rl-gallery-item-content\"> <a href=\"https:\/\/www.printempsdesfragilites.com\/wp-content\/uploads\/2023\/06\/Foot-Tango-21.jpg\" title=\"Foot Tango (21)\" data-rl_title=\"Foot Tango (21)\" class=\"rl-gallery-link\" data-rl_caption=\"\" data-rel=\"norl\"><img loading=\"lazy\" decoding=\"async\" src=\"https:\/\/www.printempsdesfragilites.com\/wp-content\/uploads\/2023\/06\/Foot-Tango-21-300x225.jpg\" width=\"300\" height=\"225\" alt=\"\"\/><\/a> <\/div> <\/div> <div class=\"rl-gallery-item\" > <div class=\"rl-gallery-item-content\"> <a href=\"https:\/\/www.printempsdesfragilites.com\/wp-content\/uploads\/2023\/06\/Foot-Tango-10.jpg\" title=\"Foot Tango (10)\" data-rl_title=\"Foot Tango (10)\" class=\"rl-gallery-link\" data-rl_caption=\"\" data-rel=\"norl\"><img loading=\"lazy\" decoding=\"async\" src=\"https:\/\/www.printempsdesfragilites.com\/wp-content\/uploads\/2023\/06\/Foot-Tango-10-300x225.jpg\" width=\"300\" height=\"225\" alt=\"\"\/><\/a> <\/div> <\/div> <div class=\"rl-gallery-item\" > <div class=\"rl-gallery-item-content\"> <a href=\"https:\/\/www.printempsdesfragilites.com\/wp-content\/uploads\/2023\/06\/Foot-Tango-16.jpg\" title=\"Foot Tango (16)\" data-rl_title=\"Foot Tango (16)\" class=\"rl-gallery-link\" data-rl_caption=\"\" data-rel=\"norl\"><img loading=\"lazy\" decoding=\"async\" src=\"https:\/\/www.printempsdesfragilites.com\/wp-content\/uploads\/2023\/06\/Foot-Tango-16-225x300.jpg\" width=\"225\" height=\"300\" alt=\"\"\/><\/a> <\/div> <\/div> <div class=\"rl-gallery-item\" > <div class=\"rl-gallery-item-content\"> <a href=\"https:\/\/www.printempsdesfragilites.com\/wp-content\/uploads\/2023\/06\/Foot-Tango-1.jpg\" title=\"Foot Tango (1)\" data-rl_title=\"Foot Tango (1)\" class=\"rl-gallery-link\" data-rl_caption=\"\" data-rel=\"norl\"><img loading=\"lazy\" decoding=\"async\" src=\"https:\/\/www.printempsdesfragilites.com\/wp-content\/uploads\/2023\/06\/Foot-Tango-1-300x200.jpg\" width=\"300\" height=\"200\" alt=\"\"\/><\/a> <\/div> <\/div> <div class=\"rl-gallery-item\" > <div class=\"rl-gallery-item-content\"> <a href=\"https:\/\/www.printempsdesfragilites.com\/wp-content\/uploads\/2023\/06\/Foot-Tango-30.jpg\" title=\"Foot Tango (30)\" data-rl_title=\"Foot Tango (30)\" class=\"rl-gallery-link\" data-rl_caption=\"\" data-rel=\"norl\"><img loading=\"lazy\" decoding=\"async\" src=\"https:\/\/www.printempsdesfragilites.com\/wp-content\/uploads\/2023\/06\/Foot-Tango-30-300x225.jpg\" width=\"300\" height=\"225\" alt=\"\"\/><\/a> <\/div> <\/div> <div class=\"rl-gallery-item\" > <div class=\"rl-gallery-item-content\"> <a href=\"https:\/\/www.printempsdesfragilites.com\/wp-content\/uploads\/2023\/06\/Foot-Tango-24.jpg\" title=\"Foot Tango (24)\" data-rl_title=\"Foot Tango (24)\" class=\"rl-gallery-link\" data-rl_caption=\"\" data-rel=\"norl\"><img loading=\"lazy\" decoding=\"async\" src=\"https:\/\/www.printempsdesfragilites.com\/wp-content\/uploads\/2023\/06\/Foot-Tango-24-300x225.jpg\" width=\"300\" height=\"225\" alt=\"\"\/><\/a> <\/div> <\/div> <div class=\"rl-gallery-item\" > <div class=\"rl-gallery-item-content\"> <a href=\"https:\/\/www.printempsdesfragilites.com\/wp-content\/uploads\/2023\/06\/Foot-Tango-23.jpg\" title=\"Foot Tango (23)\" data-rl_title=\"Foot Tango (23)\" class=\"rl-gallery-link\" data-rl_caption=\"\" data-rel=\"norl\"><img loading=\"lazy\" decoding=\"async\" src=\"https:\/\/www.printempsdesfragilites.com\/wp-content\/uploads\/2023\/06\/Foot-Tango-23-225x300.jpg\" width=\"225\" height=\"300\" alt=\"\"\/><\/a> <\/div> <\/div> <div class=\"rl-gallery-item\" > <div class=\"rl-gallery-item-content\"> <a href=\"https:\/\/www.printempsdesfragilites.com\/wp-content\/uploads\/2023\/06\/Foot-Tango-3.jpg\" title=\"Foot Tango (3)\" data-rl_title=\"Foot Tango (3)\" class=\"rl-gallery-link\" data-rl_caption=\"\" data-rel=\"norl\"><img loading=\"lazy\" decoding=\"async\" src=\"https:\/\/www.printempsdesfragilites.com\/wp-content\/uploads\/2023\/06\/Foot-Tango-3-300x200.jpg\" width=\"300\" height=\"200\" alt=\"\"\/><\/a> <\/div> <\/div> <\/div> <\/div><\/code><\/p>\n","protected":false},"excerpt":{"rendered":"<p>Le Printemps des Fragilit\u00e9s 2023 s&#8217;est conclu le 10 juin par le Village des Fragilit\u00e9s. Le collectif tient \u00e0 remercier toutes les personnes qui ont rendu cette manifestation possible. Le Village des Fragilit\u00e9s 2023 La fresque de l&#8217;humanit\u00e9, ouvrage collaboratif Images du Village des Fragilit\u00e9s Le match de foot-tango<\/p>\n","protected":false},"author":4,"featured_media":0,"parent":0,"menu_order":0,"comment_status":"closed","ping_status":"closed","template":"","meta":{"footnotes":""},"class_list":["post-4207","page","type-page","status-publish","hentry"],"_links":{"self":[{"href":"https:\/\/www.printempsdesfragilites.com\/index.php\/wp-json\/wp\/v2\/pages\/4207","targetHints":{"allow":["GET"]}}],"collection":[{"href":"https:\/\/www.printempsdesfragilites.com\/index.php\/wp-json\/wp\/v2\/pages"}],"about":[{"href":"https:\/\/www.printempsdesfragilites.com\/index.php\/wp-json\/wp\/v2\/types\/page"}],"author":[{"embeddable":true,"href":"https:\/\/www.printempsdesfragilites.com\/index.php\/wp-json\/wp\/v2\/users\/4"}],"replies":[{"embeddable":true,"href":"https:\/\/www.printempsdesfragilites.com\/index.php\/wp-json\/wp\/v2\/comments?post=4207"}],"version-history":[{"count":9,"href":"https:\/\/www.printempsdesfragilites.com\/index.php\/wp-json\/wp\/v2\/pages\/4207\/revisions"}],"predecessor-version":[{"id":4271,"href":"https:\/\/www.printempsdesfragilites.com\/index.php\/wp-json\/wp\/v2\/pages\/4207\/revisions\/4271"}],"wp:attachment":[{"href":"https:\/\/www.printempsdesfragilites.com\/index.php\/wp-json\/wp\/v2\/media?parent=4207"}],"curies":[{"name":"wp","href":"https:\/\/api.w.org\/{rel}","templated":true}]}}