{"id":4470,"date":"2024-10-06T09:25:16","date_gmt":"2024-10-06T07:25:16","guid":{"rendered":"https:\/\/www.printempsdesfragilites.com\/?page_id=4470"},"modified":"2026-03-31T22:06:33","modified_gmt":"2026-03-31T20:06:33","slug":"charte-du-collectif-fragilites-en-partage","status":"publish","type":"page","link":"https:\/\/www.printempsdesfragilites.com\/index.php\/charte-du-collectif-fragilites-en-partage\/","title":{"rendered":"Charte du Collectif Fragilit\u00e9s en Partage"},"content":{"rendered":"\n<p>Voici <a href=\"http:\/\/www.printempsdesfragilites.com\/wp-content\/uploads\/2024\/10\/2-Charte-Collectif_Fragilites_en_partage-2024-04-11.pdf\" data-type=\"link\" data-id=\"http:\/\/www.printempsdesfragilites.com\/wp-content\/uploads\/2024\/10\/2-Charte-Collectif_Fragilites_en_partage-2024-04-11.pdf\" target=\"_blank\" rel=\"noreferrer noopener\"><mark style=\"background-color:rgba(0, 0, 0, 0)\" class=\"has-inline-color has-vivid-cyan-blue-color\">le texte<\/mark><\/a> par lequel les associations composant le Collectif Fragilit\u00e9s en Partage ont \u00e9t\u00e9 invit\u00e9es \u00e0 y adh\u00e9rer. Vous pouvez signifier votre adh\u00e9sion \u00e0 la pr\u00e9sente charte sur <a href=\"https:\/\/www.helloasso.com\/associations\/collectif-fragilites-en-partage\" data-type=\"link\" data-id=\"https:\/\/www.helloasso.com\/associations\/collectif-fragilites-en-partage\" target=\"_blank\" rel=\"noreferrer noopener\"><mark style=\"background-color:rgba(0, 0, 0, 0)\" class=\"has-inline-color has-vivid-cyan-blue-color\">la page helloasso<\/mark><\/a> du collectif.<\/p>\n\n\n\n<figure class=\"wp-block-image size-full is-resized\"><img loading=\"lazy\" decoding=\"async\" width=\"720\" height=\"720\" src=\"http:\/\/www.printempsdesfragilites.com\/wp-content\/uploads\/2025\/03\/logo_collectif_fragilites_en_partage_v3_720-1.png\" alt=\"\" class=\"wp-image-4836\" style=\"width:227px;height:auto\" srcset=\"https:\/\/www.printempsdesfragilites.com\/wp-content\/uploads\/2025\/03\/logo_collectif_fragilites_en_partage_v3_720-1.png 720w, https:\/\/www.printempsdesfragilites.com\/wp-content\/uploads\/2025\/03\/logo_collectif_fragilites_en_partage_v3_720-1-300x300.png 300w, https:\/\/www.printempsdesfragilites.com\/wp-content\/uploads\/2025\/03\/logo_collectif_fragilites_en_partage_v3_720-1-150x150.png 150w, https:\/\/www.printempsdesfragilites.com\/wp-content\/uploads\/2025\/03\/logo_collectif_fragilites_en_partage_v3_720-1-200x200.png 200w\" sizes=\"auto, (max-width: 720px) 100vw, 720px\" \/><\/figure>\n\n\n\n<h3 class=\"wp-block-heading\">A l&#8217;Humanit\u00e9 fragile.<\/h3>\n\n\n\n<p>Les handicaps, les maladies, les exclusions, la rue, la mis\u00e8re, la pauvret\u00e9, les f\u00e9minicides, la maltraitance, la solitude, le repli sur soi, les exils, les guerres, les massacres, le mal-\u00eatre, le mal-logement, les difficult\u00e9s sociales, les addictions\u2026 et s\u2019il y avait l\u00e0, au milieu de toutes les fragilit\u00e9s qui nous traversent ou nous entourent, une invitation ?<\/p>\n\n\n\n<p><br>C\u2019est un v\u00e9ritable projet d\u2019ouverture que porte le \u00ab Collectif Fragilit\u00e9s en Partage \u00bb.<\/p>\n\n\n\n<p><br>L\u00e0 o\u00f9 la soci\u00e9t\u00e9 se construit essentiellement sur des liens de domination, nous proposons, pour un changement majeur, un autre chemin : celui de l\u2019alt\u00e9rit\u00e9, de la fraternit\u00e9, de la rencontre et de la reconnaissance de nos fragilit\u00e9s.<\/p>\n\n\n\n<ul class=\"wp-block-list\">\n<li>Reconnaissance de nos fragilit\u00e9s et de nos propres limites inh\u00e9rentes \u00e0 notre condition m\u00eame d\u2019\u00eatre humain.<\/li>\n\n\n\n<li>Acceptation de nos fragilit\u00e9s et, donc, de nos d\u00e9pendances et de nos besoins d\u2019entraide tout au long de notre existence.<\/li>\n\n\n\n<li>Accueil de nos fragilit\u00e9s, sans distinction, ni discrimination, quelles que soient nos appartenances culturelles ou religieuses. Partout dans notre soci\u00e9t\u00e9, partout \u00e0 travers le monde, les relations doivent pouvoir se fonder sur ce socle, synonyme de confiance et de r\u00e9ciprocit\u00e9.<\/li>\n<\/ul>\n\n\n\n<p>Dans ce nouvel \u00e9lan, dans ce nouvel espoir en la reconnaissance d\u2019une Humanit\u00e9 d\u2019abord et avant tout fragile, vous vous engagez \u00e0 soutenir les actions men\u00e9es par le collectif qui ont pour objet :<\/p>\n\n\n\n<ul class=\"wp-block-list\">\n<li>1\/ de nous inviter \u00e0 poser un nouveau regard, sur nous-m\u00eames d\u2019abord, pour envisager, alors, une nouvelle Humanit\u00e9 autrement plus fraternelle et o\u00f9 chacun et chacune a sa place.<\/li>\n\n\n\n<li>2\/ de r\u00e9v\u00e9ler de nouveaux talents, en partant \u00e0 la rencontre et \u00e0 la d\u00e9couverte des richesses que rec\u00e8lent les personnes les plus fragiles dans notre soci\u00e9t\u00e9 ;<\/li>\n\n\n\n<li>3\/ de vivre une exp\u00e9rience individuelle et collective qui donne \u00e9nergie, esp\u00e9rance et envie de s\u2019engager face aux d\u00e9fis du monde actuel.<\/li>\n<\/ul>\n\n\n\n<blockquote class=\"wp-block-quote is-layout-flow wp-block-quote-is-layout-flow\">\n<p>Ce n\u2019est qu\u2019\u00e0 partir du moment o\u00f9 il y a une acceptation de ses propres fragilit\u00e9s, de ses failles, et donc de la d\u00e9pendance, que l\u2019on peut s\u2019ouvrir aux autres et faire place \u00e0 la confiance dans les autres, seule fa\u00e7on de recr\u00e9er du lien social.<\/p>\n<cite>Michela Marzano, philosophe<\/cite><\/blockquote>\n\n\n\n<p><\/p>\n\n\n\n<p><\/p>\n","protected":false},"excerpt":{"rendered":"<p>Voici le texte par lequel les associations composant le Collectif Fragilit\u00e9s en Partage ont \u00e9t\u00e9 invit\u00e9es \u00e0 y adh\u00e9rer. Vous pouvez signifier votre adh\u00e9sion \u00e0 la pr\u00e9sente charte sur la page helloasso du collectif. A l&#8217;Humanit\u00e9 fragile. Les handicaps, les maladies, les exclusions, la rue, la mis\u00e8re, la pauvret\u00e9, les f\u00e9minicides, la maltraitance, la solitude, [&hellip;]<\/p>\n","protected":false},"author":4,"featured_media":5181,"parent":0,"menu_order":0,"comment_status":"closed","ping_status":"closed","template":"","meta":{"footnotes":""},"class_list":["post-4470","page","type-page","status-publish","has-post-thumbnail","hentry"],"_links":{"self":[{"href":"https:\/\/www.printempsdesfragilites.com\/index.php\/wp-json\/wp\/v2\/pages\/4470","targetHints":{"allow":["GET"]}}],"collection":[{"href":"https:\/\/www.printempsdesfragilites.com\/index.php\/wp-json\/wp\/v2\/pages"}],"about":[{"href":"https:\/\/www.printempsdesfragilites.com\/index.php\/wp-json\/wp\/v2\/types\/page"}],"author":[{"embeddable":true,"href":"https:\/\/www.printempsdesfragilites.com\/index.php\/wp-json\/wp\/v2\/users\/4"}],"replies":[{"embeddable":true,"href":"https:\/\/www.printempsdesfragilites.com\/index.php\/wp-json\/wp\/v2\/comments?post=4470"}],"version-history":[{"count":7,"href":"https:\/\/www.printempsdesfragilites.com\/index.php\/wp-json\/wp\/v2\/pages\/4470\/revisions"}],"predecessor-version":[{"id":4837,"href":"https:\/\/www.printempsdesfragilites.com\/index.php\/wp-json\/wp\/v2\/pages\/4470\/revisions\/4837"}],"wp:featuredmedia":[{"embeddable":true,"href":"https:\/\/www.printempsdesfragilites.com\/index.php\/wp-json\/wp\/v2\/media\/5181"}],"wp:attachment":[{"href":"https:\/\/www.printempsdesfragilites.com\/index.php\/wp-json\/wp\/v2\/media?parent=4470"}],"curies":[{"name":"wp","href":"https:\/\/api.w.org\/{rel}","templated":true}]}}