{"id":4478,"date":"2024-10-06T11:50:48","date_gmt":"2024-10-06T09:50:48","guid":{"rendered":"https:\/\/www.printempsdesfragilites.com\/?page_id=4478"},"modified":"2025-12-13T13:16:52","modified_gmt":"2025-12-13T12:16:52","slug":"agenda-du-printemps-des-fragilites-2024-2025","status":"publish","type":"page","link":"https:\/\/www.printempsdesfragilites.com\/index.php\/agenda-du-printemps-des-fragilites-2024-2025\/","title":{"rendered":"Un &#8220;Printemps des Fragilit\u00e9s&#8221; toute l&#8217;ann\u00e9e !"},"content":{"rendered":"\n<p><strong>Tout au long de l&#8217;ann\u00e9e, depuis Septembre 2024 \u00e0 fin Mai 2025, nous vous proposons de multiplier les occasions de d\u00e9couverte et de partir \u00e0 la rencontre des 110 associations du &#8220;Collectif Fragilit\u00e9s en Partage&#8221;. Bon festival !<\/strong><\/p>\n\n\n\n<br>\n\n\n\n<div class=\"wp-block-columns is-layout-flex wp-container-core-columns-is-layout-9d6595d7 wp-block-columns-is-layout-flex\">\n<div class=\"wp-block-column is-layout-flow wp-block-column-is-layout-flow\" style=\"flex-basis:25%\">\n<div class=\"wp-block-group is-vertical is-layout-flex wp-container-core-group-is-layout-8cf370e7 wp-block-group-is-layout-flex\">\n<figure class=\"wp-block-image\"><a href=\"http:\/\/www.printempsdesfragilites.com\/index.php\/category\/agenda2025\/\" target=\"_blank\" rel=\"noopener\"><img decoding=\"async\" src=\"http:\/\/www.printempsdesfragilites.com\/wp-content\/uploads\/2023\/02\/FRISE-PHOTO-placement.png\" alt=\"\" title=\"Tout l'agenda\"><\/a><\/figure>\n<\/div>\n\n\n\n<h3 class=\"wp-block-heading\"><a href=\"http:\/\/www.printempsdesfragilites.com\/index.php\/category\/agenda2025\/\" data-type=\"link\" data-id=\"http:\/\/www.printempsdesfragilites.com\/index.php\/category\/agenda\/\" target=\"_blank\" rel=\"noreferrer noopener\">Tout l&#8217;agenda<\/a><\/h3>\n<\/div>\n\n\n\n<div class=\"wp-block-column is-layout-flow wp-block-column-is-layout-flow\" style=\"flex-basis:25%\">\n<div class=\"wp-block-group is-vertical is-layout-flex wp-container-core-group-is-layout-8cf370e7 wp-block-group-is-layout-flex\">\n<figure class=\"wp-block-image\"><a href=\"http:\/\/www.printempsdesfragilites.com\/index.php\/category\/agenda2025\/septembre2024\/\" target=\"_blank\" rel=\"noopener\"><img decoding=\"async\" src=\"http:\/\/www.printempsdesfragilites.com\/wp-content\/uploads\/2024\/10\/Agenda_AEDES.png\" alt=\"\" title=\"Septembre\"><\/a><\/figure>\n<\/div>\n\n\n\n<h3 class=\"wp-block-heading\"><a href=\"http:\/\/www.printempsdesfragilites.com\/index.php\/category\/agenda2025\/septembre2024\/\" data-type=\"link\" data-id=\"http:\/\/www.printempsdesfragilites.com\/index.php\/category\/agenda2025\/septembre2024\/\" target=\"_blank\" rel=\"noreferrer noopener\"><mark style=\"background-color:rgba(0, 0, 0, 0);color:#f8ca02\" class=\"has-inline-color\">Septembre 2024<\/mark><\/a><\/h3>\n<\/div>\n\n\n\n<div class=\"wp-block-column is-layout-flow wp-block-column-is-layout-flow\" style=\"flex-basis:25%\">\n<div class=\"wp-block-group is-vertical is-layout-flex wp-container-core-group-is-layout-8cf370e7 wp-block-group-is-layout-flex\">\n<figure class=\"wp-block-image\"><a href=\"http:\/\/www.printempsdesfragilites.com\/index.php\/category\/agenda2025\/octobre2024\/\" target=\"_blank\" rel=\"noopener\"><img decoding=\"async\" src=\"http:\/\/www.printempsdesfragilites.com\/wp-content\/uploads\/2024\/10\/Agenda_Ecoute_de_la_rue.png\" alt=\"\" title=\"Octobre\"><\/a><\/figure>\n<\/div>\n\n\n\n<h3 class=\"wp-block-heading\"><a href=\"http:\/\/www.printempsdesfragilites.com\/index.php\/category\/agenda2025\/octobre2024\/\" data-type=\"link\" data-id=\"http:\/\/www.printempsdesfragilites.com\/index.php\/category\/agenda2025\/octobre2024\/\" target=\"_blank\" rel=\"noreferrer noopener\"><mark style=\"background-color:rgba(0, 0, 0, 0);color:#cc3232\" class=\"has-inline-color\">Octobre 2024<\/mark><\/a><\/h3>\n<\/div>\n\n\n\n<div class=\"wp-block-column is-layout-flow wp-block-column-is-layout-flow\" style=\"flex-basis:25%\">\n<div class=\"wp-block-group is-vertical is-layout-flex wp-container-core-group-is-layout-8cf370e7 wp-block-group-is-layout-flex\">\n<figure class=\"wp-block-image\"><a href=\"http:\/\/www.printempsdesfragilites.com\/index.php\/category\/agenda2025\/novembre2024\/\" target=\"_blank\" rel=\"noopener\"><img decoding=\"async\" src=\"http:\/\/www.printempsdesfragilites.com\/wp-content\/uploads\/2024\/10\/Agenda_Ecosysteme.png\" alt=\"\" title=\"Novembre\"><\/a><\/figure>\n<\/div>\n\n\n\n<h3 class=\"wp-block-heading\"><a href=\"http:\/\/www.printempsdesfragilites.com\/index.php\/category\/agenda2025\/novembre2024\/\" data-type=\"link\" data-id=\"http:\/\/www.printempsdesfragilites.com\/index.php\/category\/agenda2025\/novembre2024\/\" target=\"_blank\" rel=\"noreferrer noopener\"><mark style=\"background-color:rgba(0, 0, 0, 0);color:#e54e85\" class=\"has-inline-color\">Novembre 2024<\/mark><\/a><\/h3>\n<\/div>\n\n\n\n<div class=\"wp-block-column is-layout-flow wp-block-column-is-layout-flow\" style=\"flex-basis:25%\">\n<div class=\"wp-block-group is-vertical is-layout-flex wp-container-core-group-is-layout-8cf370e7 wp-block-group-is-layout-flex\">\n<figure class=\"wp-block-image\"><a href=\"http:\/\/www.printempsdesfragilites.com\/index.php\/category\/agenda2025\/decembre2024\/\" target=\"_blank\" rel=\"noopener\"><img decoding=\"async\" src=\"http:\/\/www.printempsdesfragilites.com\/wp-content\/uploads\/2024\/10\/Agenda_Noel_St_Vincent.png\" alt=\"\" title=\"D\u00e9cembre\"><\/a><\/figure>\n<\/div>\n\n\n\n<h3 class=\"wp-block-heading\"><a href=\"http:\/\/www.printempsdesfragilites.com\/index.php\/category\/agenda2025\/decembre2024\/\" data-type=\"link\" data-id=\"http:\/\/www.printempsdesfragilites.com\/index.php\/category\/agenda2025\/decembre2024\/\" target=\"_blank\" rel=\"noreferrer noopener\"><mark style=\"background-color:rgba(0, 0, 0, 0);color:#3b509e\" class=\"has-inline-color\">D\u00e9cembre 2024<\/mark><\/a><\/h3>\n<\/div>\n<\/div>\n\n\n\n<div class=\"wp-block-columns is-layout-flex wp-container-core-columns-is-layout-9d6595d7 wp-block-columns-is-layout-flex\">\n<div class=\"wp-block-column is-layout-flow wp-block-column-is-layout-flow\" style=\"flex-basis:25%\">\n<div class=\"wp-block-group is-vertical is-layout-flex wp-container-core-group-is-layout-8cf370e7 wp-block-group-is-layout-flex\">\n<figure class=\"wp-block-image\"><a href=\"http:\/\/www.printempsdesfragilites.com\/index.php\/category\/agenda2025\/janvier2025\/\" target=\"_blank\" rel=\"noopener\"><img decoding=\"async\" src=\"http:\/\/www.printempsdesfragilites.com\/wp-content\/uploads\/2024\/10\/Agenda_Carillon.png\" alt=\"\" title=\"Janvier\"><\/a><\/figure>\n<\/div>\n\n\n\n<h3 class=\"wp-block-heading\"><a href=\"http:\/\/www.printempsdesfragilites.com\/index.php\/category\/agenda2025\/janvier2025\/\" data-type=\"link\" data-id=\"http:\/\/www.printempsdesfragilites.com\/index.php\/category\/agenda2025\/janvier2025\/\" target=\"_blank\" rel=\"noreferrer noopener\"><mark style=\"background-color:rgba(0, 0, 0, 0);color:#184d44\" class=\"has-inline-color\">Janvier 2025<\/mark><\/a><\/h3>\n<\/div>\n\n\n\n<div class=\"wp-block-column is-layout-flow wp-block-column-is-layout-flow\" style=\"flex-basis:25%\">\n<div class=\"wp-block-group is-vertical is-layout-flex wp-container-core-group-is-layout-8cf370e7 wp-block-group-is-layout-flex\">\n<figure class=\"wp-block-image\"><a href=\"http:\/\/www.printempsdesfragilites.com\/index.php\/category\/agenda2025\/fevrier2025\/\" target=\"_blank\" rel=\"noopener\"><img decoding=\"async\" src=\"http:\/\/www.printempsdesfragilites.com\/wp-content\/uploads\/2024\/10\/Agenda_Chromosome.png\" alt=\"\" title=\"F\u00e9vrier\"><\/a><\/figure>\n<\/div>\n\n\n\n<h3 class=\"wp-block-heading\"><a href=\"http:\/\/www.printempsdesfragilites.com\/index.php\/category\/agenda2025\/fevrier2025\/\" target=\"_blank\" rel=\"noreferrer noopener\"><mark style=\"background-color:rgba(0, 0, 0, 0);color:#ff5d35\" class=\"has-inline-color\">F\u00e9vrier 2025<\/mark><\/a><\/h3>\n<\/div>\n\n\n\n<div class=\"wp-block-column is-layout-flow wp-block-column-is-layout-flow\" style=\"flex-basis:25%\">\n<div class=\"wp-block-group is-vertical is-layout-flex wp-container-core-group-is-layout-8cf370e7 wp-block-group-is-layout-flex\">\n<figure class=\"wp-block-image\"><a href=\"http:\/\/www.printempsdesfragilites.com\/index.php\/category\/agenda2025\/mars2025\/\" target=\"_blank\" rel=\"noopener\"><img decoding=\"async\" src=\"http:\/\/www.printempsdesfragilites.com\/wp-content\/uploads\/2024\/10\/Agenda_Arts_Scenes.png\" alt=\"\" title=\"Mars\"><\/a><\/figure>\n<\/div>\n\n\n\n<h3 class=\"wp-block-heading\"><a href=\"http:\/\/www.printempsdesfragilites.com\/index.php\/category\/agenda2025\/mars2025\/\" data-type=\"link\" data-id=\"http:\/\/www.printempsdesfragilites.com\/index.php\/category\/agenda2025\/mars2025\/\" target=\"_blank\" rel=\"noreferrer noopener\"><mark style=\"background-color:rgba(0, 0, 0, 0);color:#5f3b9f\" class=\"has-inline-color\">Mars 2025<\/mark><\/a><\/h3>\n<\/div>\n\n\n\n<div class=\"wp-block-column is-layout-flow wp-block-column-is-layout-flow\" style=\"flex-basis:25%\">\n<div class=\"wp-block-group is-vertical is-layout-flex wp-container-core-group-is-layout-8cf370e7 wp-block-group-is-layout-flex\">\n<figure class=\"wp-block-image\"><a href=\"http:\/\/www.printempsdesfragilites.com\/index.php\/category\/agenda2025\/avril2025\/\" target=\"_blank\" rel=\"noopener\"><img decoding=\"async\" src=\"http:\/\/www.printempsdesfragilites.com\/wp-content\/uploads\/2024\/10\/Agenda_Abri_des_familles.png\" alt=\"\" title=\"Avril\"><\/a><\/figure>\n<\/div>\n\n\n\n<h3 class=\"wp-block-heading\"><a href=\"http:\/\/www.printempsdesfragilites.com\/index.php\/category\/agenda2025\/avril2025\/\" data-type=\"category\" data-id=\"44\" target=\"_blank\" rel=\"noreferrer noopener\"><mark style=\"background-color:rgba(0, 0, 0, 0);color:#33ad86\" class=\"has-inline-color\">Avril 2025<\/mark><\/a><\/h3>\n<\/div>\n\n\n\n<div class=\"wp-block-column is-layout-flow wp-block-column-is-layout-flow\" style=\"flex-basis:25%\">\n<div class=\"wp-block-group is-vertical is-layout-flex wp-container-core-group-is-layout-8cf370e7 wp-block-group-is-layout-flex\">\n<figure class=\"wp-block-image\"><a href=\"http:\/\/www.printempsdesfragilites.com\/index.php\/category\/agenda2025\/mai2025\/\" target=\"_blank\" rel=\"noopener\"><img decoding=\"async\" src=\"http:\/\/www.printempsdesfragilites.com\/wp-content\/uploads\/2024\/10\/Agenda_Village.png\" alt=\"\" title=\"Mai\"><\/a><\/figure>\n<\/div>\n\n\n\n<h3 class=\"wp-block-heading\"><a href=\"http:\/\/www.printempsdesfragilites.com\/index.php\/category\/agenda2025\/mai2025\/\" data-type=\"category\" data-id=\"44\" target=\"_blank\" rel=\"noreferrer noopener\"><mark style=\"background-color:rgba(0, 0, 0, 0);color:#f08823\" class=\"has-inline-color\">Mai 2025<\/mark><\/a><\/h3>\n<\/div>\n<\/div>\n\n\n\n<div class=\"wp-block-columns is-layout-flex wp-container-core-columns-is-layout-9d6595d7 wp-block-columns-is-layout-flex\">\n<div class=\"wp-block-column is-layout-flow wp-block-column-is-layout-flow\" style=\"flex-basis:25%\">\n<div class=\"wp-block-group is-vertical is-layout-flex wp-container-core-group-is-layout-8cf370e7 wp-block-group-is-layout-flex\">\n<figure class=\"wp-block-image\"><a href=\"http:\/\/www.printempsdesfragilites.com\/index.php\/category\/agenda2025\/juin-2025\/\" target=\"_blank\" rel=\"noopener\"><img decoding=\"async\" src=\"http:\/\/www.printempsdesfragilites.com\/wp-content\/uploads\/2025\/10\/PortailOasis.png\" alt=\"\" title=\"Juin\"><\/a><\/figure>\n<\/div>\n\n\n\n<h3 class=\"wp-block-heading\"><a href=\"http:\/\/www.printempsdesfragilites.com\/index.php\/category\/agenda2025\/janvier2025\/\" data-type=\"link\" data-id=\"http:\/\/www.printempsdesfragilites.com\/index.php\/category\/agenda2025\/janvier2025\/\" target=\"_blank\" rel=\"noreferrer noopener\"><mark style=\"background-color:rgba(0, 0, 0, 0);color:#810012\" class=\"has-inline-color\">Juin 2025<\/mark><\/a><\/h3>\n<\/div>\n\n\n\n<div class=\"wp-block-column is-layout-flow wp-block-column-is-layout-flow\" style=\"flex-basis:25%\">\n<div class=\"wp-block-group is-vertical is-layout-flex wp-container-core-group-is-layout-8cf370e7 wp-block-group-is-layout-flex\">\n<figure class=\"wp-block-image\"><a href=\"http:\/\/www.printempsdesfragilites.com\/index.php\/category\/agenda2025\/juillet-2025\/\" target=\"_blank\" rel=\"noopener\"><img decoding=\"async\" src=\"http:\/\/www.printempsdesfragilites.com\/wp-content\/uploads\/2025\/10\/agenda-ClairDeLaRue.png\" alt=\"\" title=\"Juillet\"><\/a><\/figure>\n<\/div>\n\n\n\n<h3 class=\"wp-block-heading\"><a href=\"http:\/\/www.printempsdesfragilites.com\/index.php\/category\/agenda2025\/fevrier2025\/\" target=\"_blank\" rel=\"noreferrer noopener\"><mark style=\"background-color:rgba(0, 0, 0, 0);color:#2ec600\" class=\"has-inline-color\">Juillet 2025<\/mark><\/a><\/h3>\n<\/div>\n\n\n\n<div class=\"wp-block-column is-layout-flow wp-block-column-is-layout-flow\" style=\"flex-basis:25%\">\n<div class=\"wp-block-group is-vertical is-layout-flex wp-container-core-group-is-layout-8cf370e7 wp-block-group-is-layout-flex\">\n<figure class=\"wp-block-image\"><a href=\"http:\/\/www.printempsdesfragilites.com\/index.php\/category\/agenda2025\/octobre-2025\/\" target=\"_blank\" rel=\"noopener\"><img decoding=\"async\" src=\"http:\/\/www.printempsdesfragilites.com\/wp-content\/uploads\/2025\/10\/ATable-agenda.png\" alt=\"\" title=\"Octobre\"><\/a><\/figure>\n<\/div>\n\n\n\n<h3 class=\"wp-block-heading\"><a href=\"http:\/\/www.printempsdesfragilites.com\/index.php\/category\/agenda2025\/mars2025\/\" data-type=\"link\" data-id=\"http:\/\/www.printempsdesfragilites.com\/index.php\/category\/agenda2025\/mars2025\/\" target=\"_blank\" rel=\"noreferrer noopener\"><mark style=\"background-color:rgba(0, 0, 0, 0)\" class=\"has-inline-color has-pale-pink-color\">Octobre 2025<\/mark><\/a><\/h3>\n<\/div>\n\n\n\n<div class=\"wp-block-column is-layout-flow wp-block-column-is-layout-flow\" style=\"flex-basis:25%\">\n<div class=\"wp-block-group is-vertical is-layout-flex wp-container-core-group-is-layout-8cf370e7 wp-block-group-is-layout-flex\">\n<figure class=\"wp-block-image\"><a href=\"http:\/\/www.printempsdesfragilites.com\/index.php\/category\/agenda2025\/novembre-2025\/\" target=\"_blank\" rel=\"noopener\"><img decoding=\"async\" src=\"http:\/\/www.printempsdesfragilites.com\/wp-content\/uploads\/2025\/10\/agenda-FootTango.png\" alt=\"\" title=\"Novembre\"><\/a><\/figure>\n<\/div>\n\n\n\n<h3 class=\"wp-block-heading\"><a href=\"http:\/\/www.printempsdesfragilites.com\/index.php\/category\/agenda2025\/avril2025\/\" data-type=\"category\" data-id=\"44\" target=\"_blank\" rel=\"noreferrer noopener\"><mark style=\"background-color:rgba(0, 0, 0, 0);color:#d2c908\" class=\"has-inline-color\">Novembre 2025<\/mark><\/a><\/h3>\n<\/div>\n\n\n\n<div class=\"wp-block-column is-layout-flow wp-block-column-is-layout-flow\" style=\"flex-basis:25%\">\n<div class=\"wp-block-group is-vertical is-layout-flex wp-container-core-group-is-layout-8cf370e7 wp-block-group-is-layout-flex\">\n<figure class=\"wp-block-image\"><a href=\"http:\/\/www.printempsdesfragilites.com\/index.php\/category\/agenda2025\/decembre-2025\/\" target=\"_blank\" rel=\"noopener\"><img decoding=\"async\" src=\"http:\/\/www.printempsdesfragilites.com\/wp-content\/uploads\/2025\/10\/FeuxFollets-agenda.png\" alt=\"\" title=\"D\u00e9cembre\"><\/a><\/figure>\n<\/div>\n\n\n\n<h3 class=\"wp-block-heading\"><a href=\"http:\/\/www.printempsdesfragilites.com\/index.php\/category\/agenda2025\/mai2025\/\" data-type=\"category\" data-id=\"44\" target=\"_blank\" rel=\"noreferrer noopener\"><mark style=\"background-color:rgba(0, 0, 0, 0)\" class=\"has-inline-color has-vivid-cyan-blue-color\">D\u00e9cembre 2025<\/mark><\/a><\/h3>\n<\/div>\n<\/div>\n\n\n\n<p><br><\/p>\n","protected":false},"excerpt":{"rendered":"<p>Tout au long de l&#8217;ann\u00e9e, depuis Septembre 2024 \u00e0 fin Mai 2025, nous vous proposons de multiplier les occasions de d\u00e9couverte et de partir \u00e0 la rencontre des 110 associations du &#8220;Collectif Fragilit\u00e9s en Partage&#8221;. Bon festival ! Tout l&#8217;agenda Septembre 2024 Octobre 2024 Novembre 2024 D\u00e9cembre 2024 Janvier 2025 F\u00e9vrier 2025 Mars 2025 Avril [&hellip;]<\/p>\n","protected":false},"author":4,"featured_media":0,"parent":0,"menu_order":0,"comment_status":"closed","ping_status":"closed","template":"","meta":{"footnotes":""},"class_list":["post-4478","page","type-page","status-publish","hentry"],"_links":{"self":[{"href":"https:\/\/www.printempsdesfragilites.com\/index.php\/wp-json\/wp\/v2\/pages\/4478","targetHints":{"allow":["GET"]}}],"collection":[{"href":"https:\/\/www.printempsdesfragilites.com\/index.php\/wp-json\/wp\/v2\/pages"}],"about":[{"href":"https:\/\/www.printempsdesfragilites.com\/index.php\/wp-json\/wp\/v2\/types\/page"}],"author":[{"embeddable":true,"href":"https:\/\/www.printempsdesfragilites.com\/index.php\/wp-json\/wp\/v2\/users\/4"}],"replies":[{"embeddable":true,"href":"https:\/\/www.printempsdesfragilites.com\/index.php\/wp-json\/wp\/v2\/comments?post=4478"}],"version-history":[{"count":33,"href":"https:\/\/www.printempsdesfragilites.com\/index.php\/wp-json\/wp\/v2\/pages\/4478\/revisions"}],"predecessor-version":[{"id":5162,"href":"https:\/\/www.printempsdesfragilites.com\/index.php\/wp-json\/wp\/v2\/pages\/4478\/revisions\/5162"}],"wp:attachment":[{"href":"https:\/\/www.printempsdesfragilites.com\/index.php\/wp-json\/wp\/v2\/media?parent=4478"}],"curies":[{"name":"wp","href":"https:\/\/api.w.org\/{rel}","templated":true}]}}