{"id":882,"date":"2021-04-04T10:28:43","date_gmt":"2021-04-04T08:28:43","guid":{"rendered":"http:\/\/www.printempsdesfragilites.com\/?page_id=882"},"modified":"2021-06-19T16:33:56","modified_gmt":"2021-06-19T14:33:56","slug":"jeu-concours","status":"publish","type":"page","link":"https:\/\/www.printempsdesfragilites.com\/index.php\/jeu-concours\/","title":{"rendered":"Grand Jeu-concours"},"content":{"rendered":"\n<h3 class=\"has-text-align-left wp-block-heading\">&#8221; Nos parts de fragilit\u00e9, comme autant de parts d&#8217;humanit\u00e9 &#8221;  <\/h3>\n\n\n\n<p class=\"has-text-align-left\">&#8220;Forc\u00e9ment-Aimant Humain !&#8221;, le Festival du Printemps des Fragilit\u00e9s prolonge le grand &#8211; jeu concours, jusqu&#8217;au 24 juin 2021. L&#8217;occasion pour les jeunes d&#8217;exprimer tous leurs talents sur le th\u00e8me de la fragilit\u00e9. <\/p>\n\n\n\n<p class=\"has-text-align-left\"><strong>Remise des prix le 3 juillet \u00e0 18h, sur le Village des Fragilit\u00e9s, en pr\u00e9sence de l&#8217;artiste Dominique A.<\/strong><\/p>\n\n\n\n<figure class=\"wp-block-image size-large\"><img loading=\"lazy\" decoding=\"async\" width=\"429\" height=\"609\" src=\"http:\/\/www.printempsdesfragilites.com\/wp-content\/uploads\/2021\/04\/Affiche-Jeu-Concours-1.png\" alt=\"\" class=\"wp-image-1526\" srcset=\"https:\/\/www.printempsdesfragilites.com\/wp-content\/uploads\/2021\/04\/Affiche-Jeu-Concours-1.png 429w, https:\/\/www.printempsdesfragilites.com\/wp-content\/uploads\/2021\/04\/Affiche-Jeu-Concours-1-211x300.png 211w\" sizes=\"auto, (max-width: 429px) 100vw, 429px\" \/><\/figure>\n\n\n\n<p><strong>REGLEMENT DU GRAND JEU-CONCOURS<\/strong><\/p>\n\n\n\n<p class=\"has-text-align-left\"><em>\u00ab Nos parts de fragilit\u00e9, comme autant de parts d\u2019humanit\u00e9&nbsp;!\u00bb<\/em><\/p>\n\n\n\n<p class=\"has-text-align-left\">Ouvert aux enfants, adolescents et jeunes adultes (- 26 ans) de la r\u00e9gion nantaise . Oeuvres&nbsp;\u00e9ligibles : Dessin, Sculpture, Photo, Mini-Vid\u00e9o (Instagram, Tik-Tok&#8230;) Vid\u00e9o, Clip, Rap, Po\u00e9sie, Slam, Musique, Chant (\u2026) <\/p>\n\n\n\n<p class=\"has-text-align-left\">Du 21 avril au 19 juin 2021, minuit. Remise des prix le 3 juillet 2021, cat\u00e9gories\u00a0: \u00ab\u00a0arts plastiques\u00a0\u00bb, \u00ab\u00a0musicale\u00a0et\/ou po\u00e9tique \u00bb, \u00ab\u00a0photo\u00a0\u00bb et \u00ab\u00a0vid\u00e9o\u00a0\u00bb.<\/p>\n\n\n\n<p><strong>Article 1 &#8211; ORGANISATEUR<\/strong><\/p>\n\n\n\n<p>Le Collectif Fragilit\u00e9 \u2013 Partage, repr\u00e9sent\u00e9 par Emile Marolleau et Christ\u00e8le Fort\u00e9 (ci-apr\u00e8s d\u00e9nomm\u00e9s les organisateurs), organise du 21\u00a0avril au 19 juin 2021 inclus, un grand jeu-concours artistique intitul\u00e9\u00a0:<\/p>\n\n\n\n<p>&nbsp;&nbsp;&nbsp;&nbsp;&nbsp;&nbsp;&nbsp;&nbsp;&nbsp;&nbsp;&nbsp; <em>\u00ab Nos parts de fragilit\u00e9, comme autant de parts d\u2019humanit\u00e9&nbsp;! \u00bb<\/em><\/p>\n\n\n\n<p><strong>Article 2 &#8211; QUI PEUT PARTICIPER<\/strong><\/p>\n\n\n\n<p>Ce jeu-concours est ouvert \u00e0 toute personne physique de moins de 26 ans, pr\u00e9sente dans l\u2019agglom\u00e9ration nantaise entre le 21 avril et le 19 juin 2021. Ne peuvent pas participer les personnes impliqu\u00e9es directement dans l\u2019organisation, la r\u00e9alisation, la mise en \u0153uvre, la promotion et l\u2019animation du concours.<\/p>\n\n\n\n<p><strong>Article 3 &#8211; COMMENT PARTICIPER<\/strong><\/p>\n\n\n\n<p>Les participants devront s\u2019inscrire au pr\u00e9alable par m\u00e8l \u00e0 l\u2019adresse suivante&nbsp;:&nbsp; <a href=\"mailto:printemps.fragilites@gmail.com\">printemps.fragilites@gmail.com<\/a><\/p>\n\n\n\n<p>Les personnes ou groupes de personnes dont l\u2019inscription aura \u00e9t\u00e9 accept\u00e9e par le Comit\u00e9 pourront envoyer leur \u0153uvre \u00e0 compter du 21 avril et ce jusqu\u2019au 19 juin 2021, minuit, par m\u00e8l \u00e0 l\u2019adresse suivante : <a href=\"mailto:printempsdesfragilites@gmail.com\"><a href=\"mailto:printemps.fragilites@gmail.com\">printemps.fragilites@gmail.com<\/a><\/a>\u00a0<\/p>\n\n\n\n<p><strong>Lors de leur inscription par m\u00e8l les participants devront indiquer :<\/strong><\/p>\n\n\n\n<p>En objet du m\u00e8l : \u00ab Grand Jeu Concours &#8211; Festival Printemps des Fragilit\u00e9s \u00bb&nbsp;;<\/p>\n\n\n\n<p>Dans le corps du message :<\/p>\n\n\n\n<ul class=\"wp-block-list\"><li>le participant (adulte tuteur ou repr\u00e9sentant l\u00e9gal) pr\u00e9cise ses coordonn\u00e9es&nbsp;: pr\u00e9nom, nom, code postal (commune) et t\u00e9l\u00e9phone en fournissant des informations exactes&nbsp;;<\/li><li>pr\u00e9ciser l\u2019\u00e9tablissement scolaire ou l\u2019association de rattachement le cas \u00e9ch\u00e9ant&nbsp;;&nbsp;<\/li><li>la cat\u00e9gorie dans laquelle l\u2019\u0153uvre pr\u00e9sent\u00e9e&nbsp;s\u2019inscrit (voir art. 4 du pr\u00e9sent r\u00e8glement) ;&nbsp;<\/li><\/ul>\n\n\n\n<p><strong>Lors de l\u2019envoi de leur oeuvre par m\u00e8l les participants devront indiquer :<\/strong><\/p>\n\n\n\n<p>En objet du m\u00e8l : \u00ab Grand Jeu Concours &#8211; Festival Printemps des Fragilit\u00e9s \u00bb&nbsp;;<\/p>\n\n\n\n<p>Dans le corps du message :<\/p>\n\n\n\n<ul class=\"wp-block-list\"><li>le participant (adulte tuteur ou repr\u00e9sentant l\u00e9gal) pr\u00e9cise ses coordonn\u00e9es&nbsp;:&nbsp; pr\u00e9nom, nom, code postal (commune) et t\u00e9l\u00e9phone en fournissant des informations exactes&nbsp;;<\/li><li>pr\u00e9ciser l\u2019\u00e9tablissement scolaire ou l\u2019association de rattachement le cas \u00e9ch\u00e9ant&nbsp;;&nbsp;<\/li><li>la cat\u00e9gorie dans laquelle l\u2019\u0153uvre pr\u00e9sent\u00e9e&nbsp;s\u2019inscrit (voir art. 4 du pr\u00e9sent r\u00e8glement) ;&nbsp; &nbsp;<\/li><li>une l\u00e9gende (10 lignes max.) d\u00e9crivant l\u2019\u0153uvre r\u00e9alis\u00e9e et pr\u00e9sent\u00e9e&nbsp;dans le cadre du pr\u00e9sent concours ; &nbsp;&nbsp;<\/li><li>les noms et pr\u00e9noms et l\u2019\u00e2ge de toutes les personnes ayant contribu\u00e9 \u00e0 l\u2019\u0153uvre&nbsp;;<\/li><li>et joindre l\u2019\u0153uvre voir article 4 ci-dessous &nbsp;&nbsp;<\/li><li>\u00e0 tout moment, le participant est responsable de l&#8217;exactitude des informations qu&#8217;il a communiqu\u00e9es.<\/li><\/ul>\n\n\n\n<p><strong>Article 4 \u2013 SPECIFICITE DES OEUVRES<\/strong><\/p>\n\n\n\n<p>Quatre cat\u00e9gories d\u2019\u0153uvres sont consid\u00e9r\u00e9es&nbsp;:<\/p>\n\n\n\n<p>\u00ab&nbsp;arts plastiques&nbsp;\u00bb, \u00ab&nbsp;musicale&nbsp;et\/ou po\u00e9tique \u00bb, \u00ab&nbsp;photo&nbsp;\u00bb et \u00ab&nbsp;vid\u00e9o&nbsp;\u00bb.<\/p>\n\n\n\n<p>Toutes les \u0153uvres re\u00e7ues sont consid\u00e9r\u00e9es comme \u00e9tant \u00ab&nbsp;libres de droit&nbsp;\u00bb. &nbsp;<\/p>\n\n\n\n<p>Les \u0153uvres sont envoy\u00e9es par courrier m\u00e8l \u00e0 l\u2019adresse\u00a0: <a href=\"mailto:printempsdesfragilites@gmail.com\"><a href=\"mailto:printemps.fragilites@gmail.com\">printemps.fragilites@gmail.com<\/a><\/a><\/p>\n\n\n\n<p>Lors de l\u2019envoi, les participants devront respecter les conditions suivantes :<\/p>\n\n\n\n<ol class=\"wp-block-list\" type=\"1\"><li>les Dessins, Sculptures, Photos\u00a0: devront \u00eatre envoy\u00e9s au format photo (format jpeg, poids max. de 2 Mo)\u00a0;<\/li><li>les Story-Instagram, Clip, Rap, Slam devront \u00eatre envoy\u00e9s dans les formats classiques faisant r\u00e9f\u00e9rences sur les r\u00e9seaux sociaux Insta et Facebook\u00a0;\u00a0<\/li><li>les projets mini-vid\u00e9os ne devront pas d\u00e9passer 5 minutes et seront envoy\u00e9s via la plateforme de transfert de fichiers\u00a0: <a href=\"https:\/\/wetransfer.com\">https:\/\/wetransfer.com<\/a> \u00e0 l\u2019adresse suivante\u00a0: <a href=\"mailto:printempsdesfragilites@gmail.com\"><a href=\"mailto:printemps.fragilites@gmail.com\">printemps.fragilites@gmail.com<\/a><\/a>\u00a0 \u00a0<\/li><li>les productions textuelles seront envoy\u00e9es au format PDF (poids max. de 2 Mo)\u00a0;\u00a0\u00a0<\/li><\/ol>\n\n\n\n<p>Si des oeuvres (photographie, dessin, vid\u00e9o, clip, etc.) repr\u00e9sentent des personnes (adultes ou enfants), le participant devra avoir obtenu l&#8217;autorisation des personnes figurantes sur l\u2019\u0153uvre ou des parents des enfants figurants sur l\u2019\u0153uvre afin de permettre aux organisateurs du concours d&#8217;utiliser l\u2019\u0153uvre. Le participant devra \u00eatre en mesure d\u2019en apporter la preuve&nbsp;des cessions de droits d\u2019image : les organisateurs d\u00e9clinent toute responsabilit\u00e9 concernant la gestion des droits d\u2019image qui incombent aux auteurs et cr\u00e9ateurs des \u0153uvres.&nbsp;<\/p>\n\n\n\n<p>Les \u0153uvres ne devront pas porter atteinte, d\u2019une quelconque mani\u00e8re, \u00e0 toute personne et ne pas constituer un outrage aux bonnes m\u0153urs, une incitation \u00e0 la r\u00e9alisation de certains crimes ou d\u00e9lits, \u00e0 une quelconque provocation ou discrimination, \u00e0 la haine ou \u00e0 la violence.<\/p>\n\n\n\n<p>De m\u00eame, les \u0153uvres qui mettraient en sc\u00e8ne des personnes nues ou en partie d\u00e9nud\u00e9es ne sont pas autoris\u00e9es.<\/p>\n\n\n\n<p>La publication des oeuvres fera l\u2019objet d\u2019une mod\u00e9ration et d\u2019une s\u00e9lection par les membres du Jury si cela est jug\u00e9 n\u00e9cessaire. &nbsp;<\/p>\n\n\n\n<p><br>En s\u2019inscrivant au concours, chaque participant accepte que son oeuvre puisse \u00eatre diffus\u00e9e et exploit\u00e9e librement sur les supports physiques et num\u00e9riques du Festival du Printemps des Fragilit\u00e9s, du Collectif Fragilit\u00e9s \u2013 Partage, des associations et partenaires du Collectif Fragilit\u00e9s \u2013 Partage.<\/p>\n\n\n\n<p>Les \u0153uvres pourront \u00eatre partag\u00e9es et diffus\u00e9es sur les pages Facebook, Instagram, YouTube et Twitter ainsi que le site Internet du Festival Printemps des Fragilit\u00e9s. &nbsp;<\/p>\n\n\n\n<p>Les \u0153uvres pourront \u00eatre partag\u00e9es et diffus\u00e9es sur les pages Facebook, Instagram, YouTube et Twitter ainsi que les sites Internet des associations et partenaires du Collectif Fraglit\u00e9s \u2013 Partage. &nbsp;<\/p>\n\n\n\n<p><strong>Article 5 &#8211; DOTATIONS ET MODES DE SELECTION DES GAGNANTS<\/strong><\/p>\n\n\n\n<p>Le jury est compos\u00e9 de 5 membres au sein du \u00ab&nbsp;Comit\u00e9 Grand Jeu Concours du Printemps des Fragilit\u00e9s&nbsp;\u00bb. Seront retenues 12 \u0153uvres (3 \u0153uvres par cat\u00e9gorie) selon des crit\u00e8res d\u2019humanisme, d\u2019esth\u00e9tisme et d\u2019originalit\u00e9.<\/p>\n\n\n\n<p>Le \u00ab Prix du jury par cat\u00e9gorie \u00bb sera d\u00e9cern\u00e9 le 3 juillet 2021 sur le \u00ab&nbsp;Village des Fragilit\u00e9s&nbsp;\u00bb (Esplanade des Traceurs de Coque, Parc des Machines de l\u2019\u00eele \u00e0 Nantes). &nbsp;<\/p>\n\n\n\n<p>La fin du concours aura lieu le 19 juin 2021 \u00e0 minuit. &nbsp;<\/p>\n\n\n\n<p>A partir du 20 juin 2021, les \u0153uvres pourront \u00eatre expos\u00e9es sur la place publique, dans les diff\u00e9rentes associations du Collectif Fragilit\u00e9s Partage ainsi que sur les r\u00e9seaux sociaux anim\u00e9s par la Commission Communication du Printemps des Fragilit\u00e9s pour inviter le grand public \u00e0 voter pour les \u0153uvres re\u00e7ues.&nbsp;<\/p>\n\n\n\n<p>Les notes ainsi obtenues du grand public seront prises en compte dans les crit\u00e8res de s\u00e9lection des \u0153uvres d\u00e9finies par le Jury du pr\u00e9sent concours.<\/p>\n\n\n\n<p>Les \u0153uvres re\u00e7ues pourraient ainsi faire l\u2019objet d\u2019une exposition physique dans la p\u00e9riode allant du 20 mai au 2 juillet (lieu \u00e0 d\u00e9finir), ainsi que le 3 juillet sur le \u00ab&nbsp;Village des Fragilit\u00e9s&nbsp;\u00bb. Les laur\u00e9ats seront invit\u00e9s au vernissage de cette exposition (dans le respect des normes sanitaires en vigueur).<\/p>\n\n\n\n<p>Les participants seront invit\u00e9s \u00e0 la remise des prix le 3 juillet 2021 sur le \u00ab&nbsp;Village des Fragilit\u00e9s&nbsp;\u00bb (dans le respect des normes sanitaires en vigueur). &nbsp;<\/p>\n\n\n\n<p>Les lots remis par le Jury le 3 juillet 2021 aux laur\u00e9ats proviendront d\u2019artistes nantais (valeur symbolique et non financi\u00e8re).<\/p>\n\n\n\n<p>Les frais de d\u00e9placement seront \u00e0 la charge des laur\u00e9ats. Les prix sont incessibles. Ils devront \u00eatre accept\u00e9s tels quels. Les gagnants seront pr\u00e9venus individuellement, par tout moyen mis \u00e0 la disposition de l\u2019organisateur.<\/p>\n\n\n\n<p>Tout gagnant ne s\u2019\u00e9tant pas manifest\u00e9 le jour de la remise des prix, le 3 juillet 2021, ne sera plus autoris\u00e9 \u00e0 r\u00e9clamer son lot gagnant. Dans ce cas le lot ne sera pas attribu\u00e9.<\/p>\n\n\n\n<p><strong>Article 6 &#8211; RESPONSABILITES<\/strong><\/p>\n\n\n\n<p>La responsabilit\u00e9 de l\u2019organisateur ne pourra en aucun cas \u00eatre engag\u00e9e en cas d\u2019\u00e9ventuel dysfonctionnement du mode de participation au pr\u00e9sent jeu-concours, li\u00e9 aux caract\u00e9ristiques m\u00eame d\u2019Internet ; dans ce cas, les participants ne pourront pr\u00e9tendre \u00e0 aucune contrepartie de quelque nature que ce soit.<\/p>\n\n\n\n<p>Facebook, Instagram, YouTube et Twitter ne sont en aucun cas impliqu\u00e9 dans l\u2019organisation et la promotion de ce jeu-concours. En cons\u00e9quence, leur responsabilit\u00e9 ne pourra \u00eatre engag\u00e9e en cas de r\u00e9clamation.<\/p>\n\n\n\n<p><strong>Article 7 &#8211; INFORMATIQUE ET LIBERTES<\/strong><\/p>\n\n\n\n<p>Conform\u00e9ment aux dispositions de la Loi Informatique et Libert\u00e9s du 6 janvier 1978 modifi\u00e9e par la Loi du 6 ao\u00fbt 2004, les informations collect\u00e9es pour participer au jeu-concours sont destin\u00e9es exclusivement \u00e0 l\u2019organisateur. Les donn\u00e9es collect\u00e9es \u00e0 cette fin sont obligatoires pour participer au jeu-concours. Par cons\u00e9quent, les personnes qui souhaiteraient supprimer ces donn\u00e9es avant la fin du jeu-concours ne pourront pas participer au jeu-concours.<\/p>\n\n\n\n<p>Les gagnants autorisent express\u00e9ment l\u2019organisateur \u00e0 reproduire et \u00e0 publier gracieusement sur les documents d\u2019information li\u00e9s au pr\u00e9sent jeu-concours l\u2019identit\u00e9 des gagnants, \u00e0 savoir les initiales de leur nom, leur pr\u00e9nom ainsi que le code postal de leur lieu d\u2019habitation (commune).<\/p>\n\n\n\n<p>Cette autorisation est valable pendant 6 mois \u00e0 compter de l\u2019annonce des gagnants.<\/p>\n\n\n\n<p>Tout participant au jeu-concours dispose par ailleurs d\u2019un droit d\u2019acc\u00e8s, de rectification et de suppression des donn\u00e9es le concernant sur simple demande \u00e9crite \u00e0 l\u2019adresse suivante : <a href=\"mailto:printempsdesfragilites@gmail.com\"><a href=\"mailto:printemps.fragilites@gmail.com\">printemps.fragilites@gmail.com<\/a><\/a> \u00a0<\/p>\n\n\n\n<p><strong>Article 8 &#8211; ACCEPTATION DU REGLEMENT<\/strong><\/p>\n\n\n\n<p>La participation \u00e0 ce jeu-concours implique l\u2019acceptation totale du pr\u00e9sent r\u00e8glement.<\/p>\n\n\n\n<p>Renseignements &amp; inscriptions \u00e0 l\u2019adresse m\u00e8l suivante\u00a0: <a href=\"mailto:printempsdesfragilites@gmail.com\"><a href=\"mailto:printemps.fragilites@gmail.com\">printemps.fragilites@gmail.com<\/a><\/a><\/p>\n\n\n\n<p>Tout d\u00e9faut de renseignement ou fausse d\u00e9claration d\u2019identit\u00e9 ou adresse entra\u00eenera automatiquement l\u2019\u00e9limination du participant. L\u2019organisateur se r\u00e9serve le droit de contr\u00f4ler l\u2019exactitude des renseignements fournis par les participants.<\/p>\n\n\n\n<p><strong>Article 9 &#8211; RESERVE<\/strong><\/p>\n\n\n\n<p>L\u2019organisateur ne saurait \u00eatre tenu responsable si, pour des raisons ind\u00e9pendantes de sa volont\u00e9, le pr\u00e9sent jeu-concours devait \u00eatre modifi\u00e9, report\u00e9 ou annul\u00e9 partiellement ou totalement. Sa responsabilit\u00e9 ne saurait \u00eatre engag\u00e9e et aucune r\u00e9paration ne pourrait lui \u00eatre demand\u00e9e. L\u2019organisateur se r\u00e9serve la possibilit\u00e9 d\u2019invalider \u00e0 tout moment et sans pr\u00e9avis la participation de tout participant qui n\u2019aurait pas respect\u00e9 le pr\u00e9sent r\u00e8glement.<\/p>\n\n\n\n<p><strong>Article 10 &#8211; GRATUITE DE LA PARTICIPATION<\/strong><\/p>\n\n\n\n<p>Aucun participant ne pourra demander de remboursement des frais de participations li\u00e9s aux frais de connexion \u00e0 Internet n\u00e9cessaires \u00e0 la lecture du r\u00e8glement du jeu-concours et \u00e0 la participation au jeu-concours<\/p>\n\n\n\n<p><strong>Article 11 &#8211; REGLEMENT<\/strong><\/p>\n\n\n\n<p>Ce r\u00e8glement peut \u00eatre consult\u00e9 sur le site <a href=\"http:\/\/www.printempsdesfragilit%8Es.com\">www.printempsdesfragilit\u00e9s.com<\/a><\/p>\n\n\n\n<p><strong>Article 12 &#8211; FRAUDE<\/strong><\/p>\n\n\n\n<p>Toute fraude, ou tentative de fraude, manifest\u00e9e par un commencement d\u2019ex\u00e9cution et commise en vue de percevoir ind\u00fbment un lot, fera l\u2019objet de poursuites conform\u00e9ment aux dispositions des articles 313-1 et suivants du Code p\u00e9nal.<\/p>\n\n\n\n<p><strong>Article 13 &#8211; LOI APPLICABLE<\/strong><\/p>\n\n\n\n<p>Le pr\u00e9sent r\u00e8glement est soumis \u00e0 la loi fran\u00e7aise.<\/p>\n\n\n\n<p>Toute difficult\u00e9 relative \u00e0 l\u2019interpr\u00e9tation, l\u2019ex\u00e9cution, de ce r\u00e8glement sera r\u00e9gl\u00e9e \u00e0 l\u2019amiable entre les parties. Si dans le mois qui suit, aucun accord n\u2019est trouv\u00e9, le litige pourra \u00eatre soumis aux Tribunaux comp\u00e9tents de Nantes.<\/p>\n\n\n\n<p><\/p>\n","protected":false},"excerpt":{"rendered":"<p>&#8221; Nos parts de fragilit\u00e9, comme autant de parts d&#8217;humanit\u00e9 &#8221; &#8220;Forc\u00e9ment-Aimant Humain !&#8221;, le Festival du Printemps des Fragilit\u00e9s prolonge le grand &#8211; jeu concours, jusqu&#8217;au 24 juin 2021. L&#8217;occasion pour les jeunes d&#8217;exprimer tous leurs talents sur le th\u00e8me de la fragilit\u00e9. Remise des prix le 3 juillet \u00e0 18h, sur le Village [&hellip;]<\/p>\n","protected":false},"author":4,"featured_media":0,"parent":0,"menu_order":0,"comment_status":"closed","ping_status":"closed","template":"","meta":{"footnotes":""},"class_list":["post-882","page","type-page","status-publish","hentry"],"_links":{"self":[{"href":"https:\/\/www.printempsdesfragilites.com\/index.php\/wp-json\/wp\/v2\/pages\/882","targetHints":{"allow":["GET"]}}],"collection":[{"href":"https:\/\/www.printempsdesfragilites.com\/index.php\/wp-json\/wp\/v2\/pages"}],"about":[{"href":"https:\/\/www.printempsdesfragilites.com\/index.php\/wp-json\/wp\/v2\/types\/page"}],"author":[{"embeddable":true,"href":"https:\/\/www.printempsdesfragilites.com\/index.php\/wp-json\/wp\/v2\/users\/4"}],"replies":[{"embeddable":true,"href":"https:\/\/www.printempsdesfragilites.com\/index.php\/wp-json\/wp\/v2\/comments?post=882"}],"version-history":[{"count":19,"href":"https:\/\/www.printempsdesfragilites.com\/index.php\/wp-json\/wp\/v2\/pages\/882\/revisions"}],"predecessor-version":[{"id":2531,"href":"https:\/\/www.printempsdesfragilites.com\/index.php\/wp-json\/wp\/v2\/pages\/882\/revisions\/2531"}],"wp:attachment":[{"href":"https:\/\/www.printempsdesfragilites.com\/index.php\/wp-json\/wp\/v2\/media?parent=882"}],"curies":[{"name":"wp","href":"https:\/\/api.w.org\/{rel}","templated":true}]}}